{"id":36764,"date":"2023-05-08T10:54:53","date_gmt":"2023-05-08T11:11:24","guid":{"rendered":"https:\/\/evotek.md\/?post_type=product&#038;p=36764"},"modified":"2023-05-08T11:17:52","modified_gmt":"2023-05-08T11:17:52","slug":"masina-de-intins-aluat-1500x600-mm-rollmatic-r60-15","status":"publish","type":"product","link":"https:\/\/evotek.md\/ro\/produse\/echipamente-electromecanice\/masina-pentru-indindere-aluat\/masina-de-intins-aluat-1500x600-mm-rollmatic-r60-15\/","title":{"rendered":"MASINA DE INTINS ALUAT, DE POTEA 1500&#215;600 mm -Rollmatic R60\/15"},"content":{"rendered":"<p><strong>MASINA DE INTINS ALUAT, DE POTEA 1500&#215;600 mm -Rollmatic R60\/15-<\/strong> Masina de intins aluat Rollmatic este folosita in intreprinderile alimentare si catering, brutarii si cofetarii pentru rularea aluatului si formarea bucatilor de aluat, inclusiv aluat tare pentru pelmeni, chebureks, pizza etc. Modelul este echipat cu pedal\u0103 de control, transmisie cu lan\u021b \u0219i ro\u021bi. Corpul este din otel vopsit, tava de sus pentru faina este din otel inoxidabil.<\/p>\n<p>Facilitati:<br \/>\nInversare de rulare cu butoane \u0219i pedal\u0103<br \/>\nTransportoare cu band\u0103 care ruleaz\u0103 la viteze diferite<br \/>\nGrile de protec\u021bie cu micro-\u00eentrerup\u0103tor \u0219i sistem de ridicare \u0219i cobor\u00e2re a pistonului<br \/>\nSetare de cobor\u00e2re a tamburului la scar\u0103 mare<br \/>\nMese rabatabile si detasabile<\/p>\n<p>Caracteristici<br \/>\nViteza de rulare: 30 m\/min<br \/>\nDimensiune rulou: 1500&#215;600 mm<br \/>\nDiametru rulou: 84 mm<br \/>\nTip: konveyer<br \/>\nInstalare: de podea<br \/>\nAluat dreptunghiular<br \/>\nLatime de rulare: 600 mm<br \/>\nGrosimea laminare de la 2 la 48 mm<br \/>\nTensiune: 400 V<br \/>\nPutere: 0,75 kW<br \/>\nLatime: 2900 mm<br \/>\nAd\u00e2ncime: 996 mm<br \/>\n\u00cen\u0103l\u0163ime. 1243 mm<br \/>\nGreutate (fara ambalaj): 224 kg<\/p>\n","protected":false},"excerpt":{"rendered":"<p>Masina de intins aluat 1500&#215;600 mm. Viteza de rulare: 30 m\/min; Dimensiune rulou: 1500&#215;600 mm; Diametru rulou: 84 mm; Tip: konveyer; Instalare: de podea; Aluat dreptunghiular; Latime de rulare: 600 mm; Grosimea laminare de la 2 la 48 mm; Tensiune: 400 V; Putere: 0,75 kW; Latime: 2900 mm; Ad\u00e2ncime: 996 mm; \u00cen\u0103l\u0163ime. 1243 mm; Greutate (fara ambalaj): 224 kg.<\/p>\n","protected":false},"featured_media":36763,"template":"","meta":[],"_links":{"self":[{"href":"https:\/\/evotek.md\/ro\/wp-json\/wp\/v2\/product\/36764"}],"collection":[{"href":"https:\/\/evotek.md\/ro\/wp-json\/wp\/v2\/product"}],"about":[{"href":"https:\/\/evotek.md\/ro\/wp-json\/wp\/v2\/types\/product"}],"wp:featuredmedia":[{"embeddable":true,"href":"https:\/\/evotek.md\/ro\/wp-json\/wp\/v2\/media\/36763"}],"wp:attachment":[{"href":"https:\/\/evotek.md\/ro\/wp-json\/wp\/v2\/media?parent=36764"}],"curies":[{"name":"wp","href":"https:\/\/api.w.org\/{rel}","templated":true}]}}