{"id":3672,"date":"2020-03-03T15:20:11","date_gmt":"2020-03-03T15:21:31","guid":{"rendered":"https:\/\/evotek.md\/?post_type=product&#038;p=3672"},"modified":"2021-07-13T09:30:05","modified_gmt":"2021-07-13T09:30:05","slug":"blender-mixer-manual-profesional","status":"publish","type":"product","link":"https:\/\/evotek.md\/ro\/produse\/echipamente-electromecanice\/blender-stick\/blender-mixer-manual-profesional\/","title":{"rendered":"BLENDER STICK 300 mm -M-08400600"},"content":{"rendered":"<p><strong>BLENDER STICK 300 mm-M-08400600- <\/strong>este un mixer de buc\u0103t\u0103rie cu o construc\u021bie robust\u0103 \u0219i un motor puternic cu o capacitate de 350 W \u0219i o ad\u00e2ncime de inser\u021bie de p\u00e2n\u0103 la 300 mm, la 30,0 litri. Mixerul de m\u00e2n\u0103 este u\u0219or de cur\u0103\u021bat \u0219i u\u0219or de folosit. Are ax interior \u0219i cu\u021bit cu rulmen\u021bi dubli; Lamele sunt din inox; Axul se deconecteaz\u0103 de la blocul motor.<\/p>\n<p>Caracteristici<\/p>\n<p>Dimensiuni: 91x91x700 mm<\/p>\n<p>Viteza variabil\u0103: 4.000 &#8211; 16.000 rpm<\/p>\n<p>Parametri: 230 V \/ 50 Hz \/ 1 faz\u0103 350 W<\/p>\n<p>Greutate net\u0103: 3,8 kg<\/p>\n<p>&nbsp;<\/p>\n<p>&nbsp;<\/p>\n","protected":false},"excerpt":{"rendered":"<p>Blender\/Mixer manual 300 mm. Dimensiuni: 91x91x700 mm; Viteza variabil\u0103: 4.000 &#8211; 16.000 rpm; Parametri: 230 V \/ 50 Hz \/ 1 faz\u0103 350 W; Greutate net\u0103: 3,8 kg.<\/p>\n","protected":false},"featured_media":3657,"template":"","meta":[],"_links":{"self":[{"href":"https:\/\/evotek.md\/ro\/wp-json\/wp\/v2\/product\/3672"}],"collection":[{"href":"https:\/\/evotek.md\/ro\/wp-json\/wp\/v2\/product"}],"about":[{"href":"https:\/\/evotek.md\/ro\/wp-json\/wp\/v2\/types\/product"}],"wp:featuredmedia":[{"embeddable":true,"href":"https:\/\/evotek.md\/ro\/wp-json\/wp\/v2\/media\/3657"}],"wp:attachment":[{"href":"https:\/\/evotek.md\/ro\/wp-json\/wp\/v2\/media?parent=3672"}],"curies":[{"name":"wp","href":"https:\/\/api.w.org\/{rel}","templated":true}]}}