{"id":36716,"date":"2023-05-05T14:04:16","date_gmt":"2023-05-05T14:04:16","guid":{"rendered":"https:\/\/evotek.md\/?post_type=product&#038;p=36716"},"modified":"2023-06-20T11:55:48","modified_gmt":"2023-06-20T11:55:48","slug":"ugolini-8q0225-0d0-000","status":"publish","type":"product","link":"https:\/\/evotek.md\/ro\/produse\/echipamente-frigorifice\/distribuitor-de-inghetata-moale\/ugolini-8q0225-0d0-000\/","title":{"rendered":"DISTRIBUITOR DE INGHETATA MOALE, 2 RECIPIENTE DE 6 LITRI, UGOLINI-8Q0225-0D0-000"},"content":{"rendered":"<p><strong>DISTRIBUITOR DE INGHETATA MOALE, 2 RECIPIENTE DE 6 LITRI, UGOLINI-8Q0225-0D0-000-<\/strong> Pana ingheata moale este gata dureaza aproximativ 1,5 ore, de la start fara lichid, in functie de produs, temperatura camerei si aerului.<\/p>\n<p>Principiul de func\u021bionare al aparatului pentru produc\u021bia de inghetata este destul de simpla: se toarn\u0103 o mas\u0103 \u00een recipient, care, atunci c\u00e2nd este r\u0103cit\u0103 la temperatura necesar\u0103, se \u00eengroa\u0219\u0103 \u0219i se cristalizeaz\u0103. Pentru a preveni \u00eenghe\u021barea produsului pe ghea\u021b\u0103, masa din aparat este amestecat\u0103 constant. Sistemul de reducere a zgomotului, regulatorul de presiune \u0219i protec\u021bia \u00eempotriva supratensiunii asigur\u0103 o munc\u0103 sigur\u0103 \u0219i confortabil\u0103.<\/p>\n<p>Caracteristici<br \/>\nDimensiuni La.Ad. \u00cen: 400x490x620 mm<br \/>\nPutere: 1,1 kW<br \/>\nTensiune: 220V<br \/>\nBol \u00eenclinat pentru golire u\u0219oar\u0103<br \/>\nColecto de pic\u0103turi de ap\u0103<br \/>\nSistem de dezghe\u021barea bolului<br \/>\nSistem de blocare a bolului<br \/>\nAfi\u0219area temperaturii produsului<br \/>\nNivel de zgomot sub 70 dB(A)<br \/>\nGreutate: 47 kg<\/p>\n<p>&nbsp;<\/p>\n","protected":false},"excerpt":{"rendered":"<p>Distribuitor de inghetata moale, cu 2 recipiente de 6 litri fiecare. Dimensiuni La.Ad. \u00cen: 400x490x620 mm; Putere: 1,1 kW; Tensiune: 220V; Bol \u00eenclinat pentru golire u\u0219oar\u0103; Colecto de pic\u0103turi de ap\u0103; Sistem de dezghe\u021barea bolului; Sistem de blocare a bolului; Afi\u0219area temperaturii produsului; Nivel de zgomot sub 70 dB(A); Greutate: 47 kg.<\/p>\n","protected":false},"featured_media":36719,"template":"","meta":[],"_links":{"self":[{"href":"https:\/\/evotek.md\/ro\/wp-json\/wp\/v2\/product\/36716"}],"collection":[{"href":"https:\/\/evotek.md\/ro\/wp-json\/wp\/v2\/product"}],"about":[{"href":"https:\/\/evotek.md\/ro\/wp-json\/wp\/v2\/types\/product"}],"wp:featuredmedia":[{"embeddable":true,"href":"https:\/\/evotek.md\/ro\/wp-json\/wp\/v2\/media\/36719"}],"wp:attachment":[{"href":"https:\/\/evotek.md\/ro\/wp-json\/wp\/v2\/media?parent=36716"}],"curies":[{"name":"wp","href":"https:\/\/api.w.org\/{rel}","templated":true}]}}