{"id":36714,"date":"2023-05-05T13:51:07","date_gmt":"2023-05-05T13:58:03","guid":{"rendered":"https:\/\/evotek.md\/?post_type=product&#038;p=36714"},"modified":"2023-06-20T11:56:13","modified_gmt":"2023-06-20T11:56:13","slug":"ugolini-8q0125-0d0-000","status":"publish","type":"product","link":"https:\/\/evotek.md\/ro\/produse\/echipamente-frigorifice\/distribuitor-de-inghetata-moale\/ugolini-8q0125-0d0-000\/","title":{"rendered":"DISTRIBUITOR DE INGHETATA MOALE, 1 RECIPIENT DE 6 LITRI, UGOLINI-8Q0125-0D0-000"},"content":{"rendered":"<p><strong>DISTRIBUITOR DE INGHETATA MOALE, 1 RECIPIENT DE 6 LITRI, UGOLINI-8Q0125-0D0-000- <\/strong>Pana ingheata moale este gata dureaza aproximativ 1,5 ore, de la start fara lichid, in functie de produs, temperatura camerei si aerului.<\/p>\n<p>Principiul de func\u021bionare al aparatului pentru produc\u021bia de inghetata este destul de simpla: se toarn\u0103 o mas\u0103 \u00een recipient, care, atunci c\u00e2nd este r\u0103cit\u0103 la temperatura necesar\u0103, se \u00eengroa\u0219\u0103 \u0219i se cristalizeaz\u0103. Pentru a preveni \u00eenghe\u021barea produsului pe ghea\u021b\u0103, masa din aparat este amestecat\u0103 constant. Sistemul de reducere a zgomotului, regulatorul de presiune \u0219i protec\u021bia \u00eempotriva supratensiunii asigur\u0103 o munc\u0103 sigur\u0103 \u0219i confortabil\u0103.<\/p>\n<p>Caracteristici<br \/>\nDimensiuni La.Ad. \u00cen: 200x490x620 mm<br \/>\nPutere: 460W<br \/>\nCapacitate: 6L<br \/>\nBol \u00eenclinat pentru golire u\u0219oar\u0103<br \/>\nColector de pic\u0103turi de ap\u0103<br \/>\nSistem de dezghe\u021bare a bolului<br \/>\nSistem de blocare a bolului<br \/>\nAfi\u0219area temperaturii produsului<br \/>\nNivel de zgomot sub 70 dB(A)<br \/>\nGreutate: 27 kg<\/p>\n<p>&nbsp;<\/p>\n","protected":false},"excerpt":{"rendered":"<p>Distribuitor de inghetata moale, cu 1 recipient de 6 litri. Dimensiuni La.Ad. \u00cen: 200x490x620 mm; Putere: 460W; Bol \u00eenclinat pentru golire u\u0219oar\u0103; Colector de pic\u0103turi de ap\u0103; Sistem de dezghe\u021bare a bolului; Sistem de blocare a bolului; Afi\u0219area temperaturii produsului; Nivel de zgomot sub 70 dB(A); Greutate: 27 kg.<\/p>\n","protected":false},"featured_media":36712,"template":"","meta":[],"_links":{"self":[{"href":"https:\/\/evotek.md\/ro\/wp-json\/wp\/v2\/product\/36714"}],"collection":[{"href":"https:\/\/evotek.md\/ro\/wp-json\/wp\/v2\/product"}],"about":[{"href":"https:\/\/evotek.md\/ro\/wp-json\/wp\/v2\/types\/product"}],"wp:featuredmedia":[{"embeddable":true,"href":"https:\/\/evotek.md\/ro\/wp-json\/wp\/v2\/media\/36712"}],"wp:attachment":[{"href":"https:\/\/evotek.md\/ro\/wp-json\/wp\/v2\/media?parent=36714"}],"curies":[{"name":"wp","href":"https:\/\/api.w.org\/{rel}","templated":true}]}}