{"id":36697,"date":"2023-05-04T15:06:12","date_gmt":"2023-05-04T15:08:43","guid":{"rendered":"https:\/\/evotek.md\/?post_type=product&#038;p=36697"},"modified":"2023-05-04T15:08:43","modified_gmt":"2023-05-04T15:08:43","slug":"pulverizator-de-ulei-700-ml-retigo-oa20-0025","status":"publish","type":"product","link":"https:\/\/evotek.md\/ro\/produse\/accesorii-si-inventar-bucatarie\/tave-si-accesorii-pentru-cuptoare\/pulverizator-de-ulei-700-ml-retigo-oa20-0025\/","title":{"rendered":"PULVERIZATOR DE ULEI 700 ml RETIGO OA20-0025"},"content":{"rendered":"<p><strong>PULVERIZATOR DE ULEI 700 ml RETIGO OA20-0025-<\/strong> Pulverizatorul de ulei este un echipament special care iti va permite sa economisesti pana la 2\/3 din costurile asociate consumului de grasimi la gatit sau prajit in cuptoare cu abur. Datorit\u0103 duzei \u00eenguste, pute\u021bi acoperi perfect vasul cu un strat foarte sub\u021bire de gr\u0103sime \u0219i pute\u021bi oferi o culoare aurie frumoas\u0103 a produsului pr\u0103jit cu un consum minim. Datorit\u0103 duzei \u00eenlocuibile, atomizorul poate fi folosit \u0219i pentru alte materiale de viscoz\u0103 folosite \u00een industria alimentar\u0103, precum ciocolata.<\/p>\n<p>Caracteristici<br \/>\nGreutate: 1,4 kg<br \/>\nTensiune: 220V<br \/>\nCapacitate recipient: 700 ml<br \/>\nPiston &#8211; o\u021bel inoxidabil<br \/>\nLungimea firului: 2,5 mm<\/p>\n","protected":false},"excerpt":{"rendered":"<p>Pulverizator de ulei. Greutate: 1,4 kg; Tensiune: 220V; Capacitate recipient: 700 ml; Piston &#8211; o\u021bel inoxidabil; Lungimea firului: 2,5 mm.<\/p>\n","protected":false},"featured_media":36696,"template":"","meta":[],"_links":{"self":[{"href":"https:\/\/evotek.md\/ro\/wp-json\/wp\/v2\/product\/36697"}],"collection":[{"href":"https:\/\/evotek.md\/ro\/wp-json\/wp\/v2\/product"}],"about":[{"href":"https:\/\/evotek.md\/ro\/wp-json\/wp\/v2\/types\/product"}],"wp:featuredmedia":[{"embeddable":true,"href":"https:\/\/evotek.md\/ro\/wp-json\/wp\/v2\/media\/36696"}],"wp:attachment":[{"href":"https:\/\/evotek.md\/ro\/wp-json\/wp\/v2\/media?parent=36697"}],"curies":[{"name":"wp","href":"https:\/\/api.w.org\/{rel}","templated":true}]}}