{"id":36689,"date":"2023-05-04T14:38:00","date_gmt":"2023-05-04T14:38:00","guid":{"rendered":"https:\/\/evotek.md\/?post_type=product&#038;p=36689"},"modified":"2023-05-31T06:51:21","modified_gmt":"2023-05-31T06:51:21","slug":"retigo-oa01-0087","status":"publish","type":"product","link":"https:\/\/evotek.md\/ro\/produse\/accesorii-si-inventar-bucatarie\/tave-si-accesorii-pentru-cuptoare\/retigo-oa01-0087\/","title":{"rendered":"TAVA DIN TEFLON GN1\/1 530&#215;325 RETIGO OA01-0087"},"content":{"rendered":"<p><strong>TAVA <\/strong><span style=\"font-size: 14.4px\"><strong>DIN TEFLON GN1\/1 530&#215;325 RETIGO OA01-0087-<\/strong> Recipientul gastronorm RETIGO OA01-0087 este conceput pentru a gati fripturi din carne tocata, cotlet, bucati de carne la cuptor, cotlete, pasare, peste copt sau inabusit, file de peste, etc. \u00een aburi mixte, cuptoare cu convec\u021bie la unit\u0103\u021bi de alimenta\u021bie public\u0103 \u0219i comer\u021b.<\/span><\/p>\n<p>Caracteristici<br \/>\nDimensiuni LuxLax\u00cen: 530x325x30 mm<br \/>\nAd\u00e2ncime: 30 mm<br \/>\nMaterial: teflon<br \/>\nM\u00e2nere: nu<br \/>\nPerforare: da<br \/>\nDimensiune: GN 1\/1<br \/>\nCuloarea recipientului Gastronorm: metalizat<\/p>\n","protected":false},"excerpt":{"rendered":"<p>Tava perforata din teflon GN1\/1. Dimensiuni LuxLax\u00cen: 530x325x30 mm; Ad\u00e2ncime: 30 mm; Material: teflon; M\u00e2nere: nu; Perforare: da; Dimensiune: GN 1\/1; Culoarea recipientului Gastronorm: metalizat.<\/p>\n","protected":false},"featured_media":36692,"template":"","meta":[],"_links":{"self":[{"href":"https:\/\/evotek.md\/ro\/wp-json\/wp\/v2\/product\/36689"}],"collection":[{"href":"https:\/\/evotek.md\/ro\/wp-json\/wp\/v2\/product"}],"about":[{"href":"https:\/\/evotek.md\/ro\/wp-json\/wp\/v2\/types\/product"}],"wp:featuredmedia":[{"embeddable":true,"href":"https:\/\/evotek.md\/ro\/wp-json\/wp\/v2\/media\/36692"}],"wp:attachment":[{"href":"https:\/\/evotek.md\/ro\/wp-json\/wp\/v2\/media?parent=36689"}],"curies":[{"name":"wp","href":"https:\/\/api.w.org\/{rel}","templated":true}]}}