{"id":36675,"date":"2023-05-04T12:48:37","date_gmt":"2023-05-04T12:48:37","guid":{"rendered":"https:\/\/evotek.md\/?post_type=product&#038;p=36675"},"modified":"2023-05-04T12:51:43","modified_gmt":"2023-05-04T12:51:43","slug":"rollergrill-cde-400","status":"publish","type":"product","link":"https:\/\/evotek.md\/ro\/produse\/echipamente-pentru-fast-food\/crepiere\/rollergrill-cde-400\/","title":{"rendered":"APARAT ELECTRIC PENTRU CLATITE, CU 2 SUPRAFETE \u00d8400 mm -Rollergrill-CDE 400"},"content":{"rendered":"<p><strong>APARAT ELECTRIC PENTRU CLATITE \u00d8400 mm -Rollergrill-CDE 400-<\/strong> Creatorul electric profesional CSE 400 este echipat cu o plac\u0103 din font\u0103 emailat\u0103 cu diametrul de 400 mm. Acoperirea cu email a pl\u0103cii reduce semnificativ faza de culotte. Aparatul electric de creponat CSE 400 garanteaza o gatire perfect omogena. Un alt avantaj al unei sobe din font\u0103 emailat\u0103: un creptar profesionist este perfect neted. Acest lucru asigur\u0103 un transfer excelent de temperatur\u0103 \u0219i o g\u0103tit cu adev\u0103rat contact.<\/p>\n<p>&#8211; o farfurie de clatite cu 6 urme cu diametrul de 110 mm.<\/p>\n<p>&#8211; Set creponator CK 3 integral din otel inoxidabil: 2 spatule, 2 lemne in forma de T, 1 servetel de grasime<\/p>\n<p>&#8211; Mix de dressing pentru aluat de cl\u0103tite, re\u021bet\u0103 de gr\u0103tar rulo (10 pachete de 1 kg)<\/p>\n<p>Caracteristici<br \/>\nConexiune: 7,2 kW sau 2 x 3,6 kW (2 cabluri)<br \/>\nDimensiuni exterioare: 860x480x240 mm<br \/>\nGreutate: 44 kg<br \/>\nVolt: 380V sau 230V mono<br \/>\nDiametru: 400 mm<\/p>\n","protected":false},"excerpt":{"rendered":"<p>Aparat electric pentru clatite, 2 suprafete. Conexiune: 7,2 kW sau 2 x 3,6 kW (2 cabluri); Dimensiuni exterioare: 860x480x240 mm; Greutate: 44 kg; Volt: 380V sau 230V mono; Diametru: 400 mm.<\/p>\n","protected":false},"featured_media":36678,"template":"","meta":[],"_links":{"self":[{"href":"https:\/\/evotek.md\/ro\/wp-json\/wp\/v2\/product\/36675"}],"collection":[{"href":"https:\/\/evotek.md\/ro\/wp-json\/wp\/v2\/product"}],"about":[{"href":"https:\/\/evotek.md\/ro\/wp-json\/wp\/v2\/types\/product"}],"wp:featuredmedia":[{"embeddable":true,"href":"https:\/\/evotek.md\/ro\/wp-json\/wp\/v2\/media\/36678"}],"wp:attachment":[{"href":"https:\/\/evotek.md\/ro\/wp-json\/wp\/v2\/media?parent=36675"}],"curies":[{"name":"wp","href":"https:\/\/api.w.org\/{rel}","templated":true}]}}