{"id":36673,"date":"2023-05-04T12:43:56","date_gmt":"2023-05-04T12:46:35","guid":{"rendered":"https:\/\/evotek.md\/?post_type=product&#038;p=36673"},"modified":"2023-05-04T12:46:35","modified_gmt":"2023-05-04T12:46:35","slug":"rollergrill-cse-400","status":"publish","type":"product","link":"https:\/\/evotek.md\/ro\/produse\/fara-categorie\/rollergrill-cse-400\/","title":{"rendered":"APARAT ELECTRIC PENTRU CLATITE \u00d8400 mm -Rollergrill-CSE 400"},"content":{"rendered":"<p><strong>APARAT ELECTRIC PENTRU CLATITE \u00d8400 mm -Rollergrill-CSE 400-<\/strong> Creatorul electric profesional CSE 400 este echipat cu o plac\u0103 din font\u0103 emailat\u0103 cu diametrul de 400 mm. Acoperirea cu email a pl\u0103cii reduce semnificativ faza de culotte. Aparatul electric de creponat CSE 400 garanteaza o gatire perfect omogena. Un alt avantaj al unei sobe din font\u0103 emailat\u0103: un creptar profesionist este perfect neted. Acest lucru asigur\u0103 un transfer excelent de temperatur\u0103 \u0219i o g\u0103tit cu adev\u0103rat contact.<\/p>\n<p>&#8211; o farfurie de clatite cu 6 urme cu diametrul de 110 mm.<\/p>\n<p>&#8211; Set creponator CK 3 integral din otel inoxidabil: 2 spatule, 2 lemne in forma de T, 1 servetel de grasime<\/p>\n<p>&#8211; Mix de dressing pentru aluat de cl\u0103tite, re\u021bet\u0103 de gr\u0103tar rulo (10 pachete de 1 kg)<\/p>\n<p>Caracteristici<br \/>\nPutere: 3,6 kW<br \/>\nDimensiuni exterioare: 450x480x240 mm<br \/>\nGreutate: 23 kg<br \/>\nVolti: 230V<br \/>\nDiametru: 400 mm<\/p>\n","protected":false},"excerpt":{"rendered":"<p>Putere: 3,6 kW; Dimensiuni exterioare: 450x480x240 mm; Greutate: 23 kg; Volti: 230V; Diametru: 400 mm.<\/p>\n","protected":false},"featured_media":36671,"template":"","meta":[],"_links":{"self":[{"href":"https:\/\/evotek.md\/ro\/wp-json\/wp\/v2\/product\/36673"}],"collection":[{"href":"https:\/\/evotek.md\/ro\/wp-json\/wp\/v2\/product"}],"about":[{"href":"https:\/\/evotek.md\/ro\/wp-json\/wp\/v2\/types\/product"}],"wp:featuredmedia":[{"embeddable":true,"href":"https:\/\/evotek.md\/ro\/wp-json\/wp\/v2\/media\/36671"}],"wp:attachment":[{"href":"https:\/\/evotek.md\/ro\/wp-json\/wp\/v2\/media?parent=36673"}],"curies":[{"name":"wp","href":"https:\/\/api.w.org\/{rel}","templated":true}]}}