{"id":36637,"date":"2023-05-02T14:21:12","date_gmt":"2023-05-02T14:21:12","guid":{"rendered":"https:\/\/evotek.md\/?post_type=product&#038;p=36637"},"modified":"2024-10-23T08:37:54","modified_gmt":"2024-10-23T08:37:54","slug":"st-832029","status":"publish","type":"product","link":"https:\/\/evotek.md\/ro\/produse\/echipamente-frigorifice\/masa-frigider\/st-832029\/","title":{"rendered":"MASA FRIGORIFICA 2 USI, 240 LITRI -ST-832029"},"content":{"rendered":"<p><strong>MASA FRIGORIFICA\u00a0 2 USI, 240 LITRI -ST-832029- <\/strong>Mas\u0103 frigorific\u0103 cu 2 u\u0219i inferioare, carcasa \u0219i interiorul din inox. Masa are func\u021bia de dezghe\u021bare automat\u0103, controler electronic cu afi\u0219are de temperatur\u0103, evaporare automat\u0103 a condensului, circula\u021bie for\u021bat\u0103 a aerului, picioare reglabile, u\u0219\u0103 cu auto\u00e2nchidere cu blocare.<\/p>\n<p>Caracteristici<br \/>\nTensiune: 230 <span style=\"font-size: 14.4px\">V<\/span><br \/>\nNumar de usi: 2<br \/>\nFara sertare<br \/>\nCarcasa: otel inoxidabil<br \/>\nTemperatura \u00een grade Celsius: +2\\\/+8<br \/>\nDimensiuni: 900x700x875 <span style=\"font-size: 14.4px\">mm<\/span><br \/>\nCapacitate: 240 litri<br \/>\nPutere: 170 <span style=\"font-size: 14.4px\">W<\/span><br \/>\nTip u\u0219\u0103: izolat\u0103<br \/>\nInterval de temperatur\u0103: 0-8\u00baC<\/p>\n<p>&nbsp;<\/p>\n<p>&nbsp;<\/p>\n","protected":false},"excerpt":{"rendered":"<p>Mas\u0103 frigorific\u0103 cu dou\u0103 u\u0219i inferioare. Tensiune: 230 <span style=\"font-size: 14.4px\">V; <\/span>Numar de usi: 2; Fara sertare; Carcasa: otel inoxidabil; Temperatura \u00een grade Celsius: +2\\\/+8; Dimensiuni: 900x700x875 <span style=\"font-size: 14.4px\">mm; <\/span>Capacitate: 240 litri; Putere: 170 <span style=\"font-size: 14.4px\">W; <\/span>Tip u\u0219\u0103: izolat\u0103; Interval de temperatur\u0103: 0-8\u00baC.<\/p>\n","protected":false},"featured_media":36642,"template":"","meta":[],"_links":{"self":[{"href":"https:\/\/evotek.md\/ro\/wp-json\/wp\/v2\/product\/36637"}],"collection":[{"href":"https:\/\/evotek.md\/ro\/wp-json\/wp\/v2\/product"}],"about":[{"href":"https:\/\/evotek.md\/ro\/wp-json\/wp\/v2\/types\/product"}],"wp:featuredmedia":[{"embeddable":true,"href":"https:\/\/evotek.md\/ro\/wp-json\/wp\/v2\/media\/36642"}],"wp:attachment":[{"href":"https:\/\/evotek.md\/ro\/wp-json\/wp\/v2\/media?parent=36637"}],"curies":[{"name":"wp","href":"https:\/\/api.w.org\/{rel}","templated":true}]}}