{"id":36627,"date":"2023-04-25T09:32:21","date_gmt":"2023-04-25T09:47:49","guid":{"rendered":"https:\/\/evotek.md\/?post_type=product&#038;p=36627"},"modified":"2023-07-11T11:51:27","modified_gmt":"2023-07-11T11:51:27","slug":"m-09368460","status":"publish","type":"product","link":"https:\/\/evotek.md\/ro\/produse\/echipamente-electromecanice\/masina-de-umplut-carnati\/m-09368460\/","title":{"rendered":"MASINA DE UMPLUT CARNATI ELECTRICA, CU DISPLAY DIGITAL, 15 LITRI (vertical) M-09368460"},"content":{"rendered":"<p><strong>MASINA DE UMPLUT CARNATI ELECTRICA, CU DISPLAY DIGITAL, 15 LITRI (vertical) M-09368460<\/strong>&#8211; Umple\u021bi c\u00e2rna\u021bi rapid \u0219i eficient cu acest umplutor automat de c\u00e2rna\u021bi de 15 L. Aceast\u0103 umplutur\u0103 profesional\u0103 pentru c\u00e2rna\u021bi este realizat\u0103 \u00een \u00eentregime din o\u021bel inoxidabil \u0219i vine cu patru tuburi de umplere cu diametrul de 16, 22, 32 \u0219i 38 mm. Include, de asemenea, o pedal\u0103 pentru a controla umplutura de c\u00e2rna\u021bi, astfel \u00eenc\u00e2t m\u00e2inile dumneavoastr\u0103 s\u0103 fie libere s\u0103 umple \u0219i s\u0103 r\u0103stoarne c\u00e2rna\u021bii. Placa de presiune din acest dispozitiv este echipat\u0103 cu o garnitur\u0103 din silicon, etan\u0219at\u0103 \u0219i deta\u0219abil\u0103. Acest umplutor profesional pentru c\u00e2rna\u021bi are 10 viteze de umplere de la 0 la 100, astfel \u00eenc\u00e2t ave\u021bi \u00eentotdeauna viteza potrivit\u0103 de care ave\u021bi nevoie pentru o dozare precis\u0103.<\/p>\n<p>Facilit\u0103\u021bi<br \/>\nUmplutur\u0103 automat\u0103 de c\u00e2rna\u021bi solid comercial<br \/>\nCorp \u0219i placa de baz\u0103 din o\u021bel inoxidabil<br \/>\nCilindru, arbore \u0219i plac\u0103 de presiune din o\u021bel inoxidabil<br \/>\nPlac\u0103 de presiune cu garnitur\u0103 din silicon, deta\u0219abil\u0103 \u0219i etan\u0219at\u0103<br \/>\n\u00centrerup\u0103tor de oprire de urgen\u021b\u0103 pentru pornire \u0219i oprire<br \/>\nVasul \u00eenclinat este u\u0219or de umplut \u0219i u\u0219or de cur\u0103\u021bat<br \/>\nUsor de curatat<\/p>\n<p>Caracteristici<br \/>\nGreutate neta: 30 kg<br \/>\nCapacitate de umplere: 15L<br \/>\nDimensiuni aparat: L370xP330xH765 mm<br \/>\nDimensiuni cilindru: \u00d8215 x 400 mm<br \/>\nDiametrul cilindrului de evacuare: \u00d850 mm<br \/>\nDimensiuni \u021bevi de umplere: \u00d816 mm, \u00d822 mm, \u00d832 mm \u0219i \u00d838 mm.<br \/>\nViteza: 2-7mm\/s<br \/>\nViteza de umplere: 10 viteze (de la 0-100)<br \/>\nConexiune: 230 V \/ 50 Hz \/ 1 faza 260 W<\/p>\n","protected":false},"excerpt":{"rendered":"<p>Masina de umplut carnati automata, cu display digital 15 litri, vertical. Greutate neta: 30 kg; Capacitate de umplere: 15L; Dimensiuni aparat: L370xP330xH765 mm; Dimensiuni cilindru: \u00d8215 x 400 mm; Diametrul cilindrului de evacuare: \u00d850 mm; Dimensiuni \u021bevi de umplere: \u00d816 mm, \u00d822 mm, \u00d832 mm \u0219i \u00d838 mm; Viteza: 2-7mm\/s; Viteza de umplere: 10 viteze (de la 0-100); Conexiune: 230 V \/ 50 Hz \/ 1 faza 260 W.<\/p>\n","protected":false},"featured_media":36624,"template":"","meta":[],"_links":{"self":[{"href":"https:\/\/evotek.md\/ro\/wp-json\/wp\/v2\/product\/36627"}],"collection":[{"href":"https:\/\/evotek.md\/ro\/wp-json\/wp\/v2\/product"}],"about":[{"href":"https:\/\/evotek.md\/ro\/wp-json\/wp\/v2\/types\/product"}],"wp:featuredmedia":[{"embeddable":true,"href":"https:\/\/evotek.md\/ro\/wp-json\/wp\/v2\/media\/36624"}],"wp:attachment":[{"href":"https:\/\/evotek.md\/ro\/wp-json\/wp\/v2\/media?parent=36627"}],"curies":[{"name":"wp","href":"https:\/\/api.w.org\/{rel}","templated":true}]}}