{"id":36616,"date":"2023-04-25T08:13:47","date_gmt":"2023-04-25T08:13:47","guid":{"rendered":"https:\/\/evotek.md\/?post_type=product&#038;p=36616"},"modified":"2025-03-31T09:50:19","modified_gmt":"2025-03-31T09:50:19","slug":"mec-kl4-66","status":"publish","type":"product","link":"https:\/\/evotek.md\/ro\/produse\/echipamente-termice\/cuptoare-pentru-pizza-cuptoare\/mec-kl4-66\/","title":{"rendered":"CUPTOR ELECTRIC PENTRU 4 PIZZA, 4,2 kW -MEC-KL4\/66"},"content":{"rendered":"<p><strong>CUPTOR ELECTRIC PENTRU 4 PIZZA, 4,2 kW -MEC-KL4\/66-<\/strong> se foloseste in catering si comert pentru coacerea pizza sau paine.<\/p>\n<p><strong>Facilit\u0103\u021bi:<\/strong><br \/>\nStructur\u0103 din o\u021bel inoxidabil<br \/>\nLumina interioar\u0103<br \/>\nSenzor de temperatur\u0103 pe fiecare camer\u0103 de coacere<br \/>\nSuprafa\u021b\u0103 de copt refractar\u0103 de calitate alimentar\u0103<br \/>\n2 termostate per camera de coacere<br \/>\nElemente de \u00eenc\u0103lzire blindate<\/p>\n<p><strong>Caracteristici<\/strong><br \/>\nNivele: 1<br \/>\nTemperatura maxima de functionare: 500 \u00b0C<br \/>\nConexiune: 4,2 kW<br \/>\nGreutate: 73 kg<br \/>\nDimensiune exterioara: 900\u0445785\u0445420h mm<br \/>\nDimensiune interioara: 660\u0445660\u0445140h mm<br \/>\nPizza: \u00d8 33<br \/>\nCapacitate pizza: 4<\/p>\n","protected":false},"excerpt":{"rendered":"<p>Cuptor electric pentru pizza un nivel; Temperatura maxima de functionare: 500 \u00b0C; Conexiune: 4,2 kW; Greutate: 73 kg; Dimensiune exterioara: 900\u0445785\u0445420h mm; Dimensiune interioara: 660\u0445660\u0445140h mm; Pizza: \u00d8 33; Capacitate pizza: 4.<\/p>\n","protected":false},"featured_media":36619,"template":"","meta":[],"_links":{"self":[{"href":"https:\/\/evotek.md\/ro\/wp-json\/wp\/v2\/product\/36616"}],"collection":[{"href":"https:\/\/evotek.md\/ro\/wp-json\/wp\/v2\/product"}],"about":[{"href":"https:\/\/evotek.md\/ro\/wp-json\/wp\/v2\/types\/product"}],"wp:featuredmedia":[{"embeddable":true,"href":"https:\/\/evotek.md\/ro\/wp-json\/wp\/v2\/media\/36619"}],"wp:attachment":[{"href":"https:\/\/evotek.md\/ro\/wp-json\/wp\/v2\/media?parent=36616"}],"curies":[{"name":"wp","href":"https:\/\/api.w.org\/{rel}","templated":true}]}}