{"id":36614,"date":"2023-04-25T08:06:04","date_gmt":"2023-04-25T08:07:48","guid":{"rendered":"https:\/\/evotek.md\/?post_type=product&#038;p=36614"},"modified":"2023-04-25T08:07:48","modified_gmt":"2023-04-25T08:07:48","slug":"slicer-electric-mec-k350-m","status":"publish","type":"product","link":"https:\/\/evotek.md\/ro\/produse\/echipamente-electromecanice\/slicer\/slicer-electric-mec-k350-m\/","title":{"rendered":"SLICER ELECTRIC -MEC-K350\/M"},"content":{"rendered":"<p><strong>SLICER ELECTRIC -MEC-K350\/M-<\/strong> Baza din aluminiu turnat cu oxidare anodica lustruita si margini rotunjite.<br \/>\nMontat pe un ascu\u021bitor cu \u0219mirghel dublu<br \/>\nCapac lamei si tava alimentara lustruite anodizate<br \/>\nMotor ventilat profesional<br \/>\nArborele lamei este montat pe un rulment dublu cu bile, ceea ce face ca ma\u0219ina de t\u0103iat s\u0103 fie silen\u021bioas\u0103.<br \/>\nLam\u0103 profesional\u0103 c\u0103lit\u0103, cromat\u0103, \u0219lefuit\u0103<br \/>\nInel de acoperire a lamei lustruit anodizat<br \/>\nPlan \u00een form\u0103 de p\u00e2nz\u0103 din aluminiu turnat sub presiune, protejat prin oxidare anodizat\u0103<\/p>\n<p>Caracteristici<br \/>\nLama: \u00d8 350 mm<br \/>\nPutere: 230V \/ 50Hz<br \/>\nConexiune: 300W<br \/>\nDimensiuni: 487x355x515x685x555 mm<br \/>\nGreutate: 37,5 kg<\/p>\n","protected":false},"excerpt":{"rendered":"<p>Slicer electric. Lama: \u00d8 350 mm; Putere: 230V \/ 50Hz; Conexiune: 300W; Dimensiuni: 487x355x515x685x555 mm; Greutate: 37,5 kg.<\/p>\n","protected":false},"featured_media":36613,"template":"","meta":[],"_links":{"self":[{"href":"https:\/\/evotek.md\/ro\/wp-json\/wp\/v2\/product\/36614"}],"collection":[{"href":"https:\/\/evotek.md\/ro\/wp-json\/wp\/v2\/product"}],"about":[{"href":"https:\/\/evotek.md\/ro\/wp-json\/wp\/v2\/types\/product"}],"wp:featuredmedia":[{"embeddable":true,"href":"https:\/\/evotek.md\/ro\/wp-json\/wp\/v2\/media\/36613"}],"wp:attachment":[{"href":"https:\/\/evotek.md\/ro\/wp-json\/wp\/v2\/media?parent=36614"}],"curies":[{"name":"wp","href":"https:\/\/api.w.org\/{rel}","templated":true}]}}