{"id":36605,"date":"2023-04-25T07:26:48","date_gmt":"2023-04-25T07:26:48","guid":{"rendered":"https:\/\/evotek.md\/?post_type=product&#038;p=36605"},"modified":"2023-04-25T07:38:16","modified_gmt":"2023-04-25T07:38:16","slug":"mec-mb2inox","status":"publish","type":"product","link":"https:\/\/evotek.md\/ro\/produse\/echipamente-pentru-bar-si-cafea\/mixer-lactate\/mec-mb2inox\/","title":{"rendered":"MIXER PENTRU LACTATE DUBLU (MILKSHAKER) -MEC-MB2INOX"},"content":{"rendered":"<p><strong>MIXER PENTRU LACTATE DUBLU (MILKSHAKER) -MEC-MB2INOX- <\/strong>Conceput pentru a face shake-uri, mousse-uri, cocktail-uri pe baz\u0103 de lapte, iaurt sau \u00eenghe\u021bat\u0103. Acest echipament este utilizat pe scar\u0103 larg\u0103 \u00een baruri, cafenele \u0219i alte unit\u0103\u021bi de alimenta\u021bie public\u0103. Materialul carcasei: inox; Materialul cupei: inox; Dou\u0103 tura\u021bii ale motorului.<\/p>\n<p>Caracteristici<br \/>\nNum\u0103r de pahare: 2<br \/>\nVolumul unui pahar: 1 litru<br \/>\nNum\u0103r de viteze: 2<br \/>\nTensiune: 220V<br \/>\nPutere: 15 kW<br \/>\nParametri: 270x425x570 mm<br \/>\nGreutate: 6 kg<\/p>\n<p>&nbsp;<\/p>\n","protected":false},"excerpt":{"rendered":"<p>Mixer cu volumul unui pahar de 1 litru. Num\u0103r de pahare: 2; Volumul unui pahar: 1 litru; Num\u0103r de viteze: 2; Tensiune: 220V; Putere: 15 kW; Parametri: 270x425x570 mm; Greutate: 6 kg.<\/p>\n<p>&nbsp;<\/p>\n","protected":false},"featured_media":36609,"template":"","meta":[],"_links":{"self":[{"href":"https:\/\/evotek.md\/ro\/wp-json\/wp\/v2\/product\/36605"}],"collection":[{"href":"https:\/\/evotek.md\/ro\/wp-json\/wp\/v2\/product"}],"about":[{"href":"https:\/\/evotek.md\/ro\/wp-json\/wp\/v2\/types\/product"}],"wp:featuredmedia":[{"embeddable":true,"href":"https:\/\/evotek.md\/ro\/wp-json\/wp\/v2\/media\/36609"}],"wp:attachment":[{"href":"https:\/\/evotek.md\/ro\/wp-json\/wp\/v2\/media?parent=36605"}],"curies":[{"name":"wp","href":"https:\/\/api.w.org\/{rel}","templated":true}]}}