{"id":36578,"date":"2023-04-20T10:25:10","date_gmt":"2023-04-20T10:31:23","guid":{"rendered":"https:\/\/evotek.md\/?post_type=product&#038;p=36578"},"modified":"2023-04-20T10:31:23","modified_gmt":"2023-04-20T10:31:23","slug":"mcp45a","status":"publish","type":"product","link":"https:\/\/evotek.md\/ro\/produse\/echipamente-frigorifice\/masina-de-produs-gheata\/mcp45a\/","title":{"rendered":"MASINA DE PRODUS GHEATA 45 kg\/24 ore -MEC-MCP45A"},"content":{"rendered":"<p><strong>MASINA DE PRODUS GHEATA 45 kg\/24 ore -MEC-MCP45A-<\/strong> Masina de produs gheata densa, limpede ca cristalul.<br \/>\nEvaporatorul orizontal este format din cupe conice de cupru orientate \u00een jos.<br \/>\nPompa ridic\u0103 apa sub presiune, care este pulverizat\u0103 pe evaporatoare cu ajutorul duzelor.<br \/>\nCuburile de ghea\u021b\u0103 se formeaz\u0103 \u00een interiorul fiec\u0103rei ce\u0219ti \u0219i, datorit\u0103 gazului fierbinte, cad \u00een rezervor.<\/p>\n<p>Caracteristici<br \/>\nSistem de racire: A\/B<br \/>\nDimensiuni: 500x585x685h mm<br \/>\nProductivitate \u00een 24 de ore: 45 kg (2500 cuburi de gheata)<br \/>\nCapacitate rezervor: 15 kg<br \/>\nTensiune: 230V &#8211; 50Hz<br \/>\nConexiune: 600 W<br \/>\nVolum: 0,31 mc<br \/>\nGreutate neta: 46 kg<\/p>\n","protected":false},"excerpt":{"rendered":"<p>Masina de produs gheata 45 kg in 24 ore. Sistem de racire: A\/B; Dimensiuni: 500x585x685h mm; Productivitate \u00een 24 de ore: 45 kg (2500 cuburi de gheata); Capacitate rezervor: 15 kg; Tensiune: 230V &#8211; 50Hz; Conexiune: 600 W; Volum: 0,31 mc; Greutate neta: 46 kg.<\/p>\n","protected":false},"featured_media":36577,"template":"","meta":[],"_links":{"self":[{"href":"https:\/\/evotek.md\/ro\/wp-json\/wp\/v2\/product\/36578"}],"collection":[{"href":"https:\/\/evotek.md\/ro\/wp-json\/wp\/v2\/product"}],"about":[{"href":"https:\/\/evotek.md\/ro\/wp-json\/wp\/v2\/types\/product"}],"wp:featuredmedia":[{"embeddable":true,"href":"https:\/\/evotek.md\/ro\/wp-json\/wp\/v2\/media\/36577"}],"wp:attachment":[{"href":"https:\/\/evotek.md\/ro\/wp-json\/wp\/v2\/media?parent=36578"}],"curies":[{"name":"wp","href":"https:\/\/api.w.org\/{rel}","templated":true}]}}