{"id":36572,"date":"2023-04-20T07:45:32","date_gmt":"2023-04-20T08:00:45","guid":{"rendered":"https:\/\/evotek.md\/?post_type=product&#038;p=36572"},"modified":"2023-04-20T08:05:35","modified_gmt":"2023-04-20T08:05:35","slug":"mec-q40-ps","status":"publish","type":"product","link":"https:\/\/evotek.md\/ro\/produse\/utilaje-pentru-spalare-vase\/masina-de-spalat-pahare\/mec-q40-ps\/","title":{"rendered":"MASINA DE SPALAT PAHARE FRONTALA 400&#215;400 mm -MEC-Q40-PS"},"content":{"rendered":"<p><strong>MASINA DE SPALAT PAHARE FRONTALA 400&#215;400 mm -MEC-Q40-PS-<\/strong> ma\u0219ina frontal\u0103 de spalat pahare cu perete dublu 10 mm, cu agent de cl\u0103tire \u0219i dozator pentru detergent. Pomp\u0103 de scurgere \u00eencorporat\u0103, afi\u0219aj LED.<\/p>\n<p>Caracteristici<br \/>\nCapacitate: 20 casete pe ora<br \/>\nDimensiune caset\u0103: 400&#215;400 mm<br \/>\nPutere: 3190 W<br \/>\nIncalzire cazan\/rezervor: 3000\/900 W<br \/>\nCapacitate rezervor: 6,5\/7 l<br \/>\nConsum apa\/ciclu de spalare: 2,7 l<br \/>\nCicluri: 90-120-180 sec.<br \/>\nGreutate: 35 kg<br \/>\nDimensiuni totale: 450x520x705 mm<br \/>\nDozatoare \u0219i control al temperaturii pe afi\u0219aj<br \/>\nAfi\u0219area temperaturii<br \/>\nModul Thermostop pentru a asigura c\u0103 cl\u0103tirea este \u00eentotdeauna la temperatura potrivit\u0103<br \/>\nSemnal de \u00eenc\u0103lzire rezervor\/cazan<\/p>\n","protected":false},"excerpt":{"rendered":"<p>Masina de spalat pahare de tip frontal. Capacitate: 20 casete pe ora; Dimensiune caset\u0103: 400&#215;400 mm; Putere: 3190 W; Incalzire cazan\/rezervor: 3000\/900 W; Capacitate rezervor: 6,5\/7 l; Consum apa\/ciclu de spalare: 2,7 l; Cicluri: 90-120-180 sec.; Greutate: 35 kg; Dimensiuni totale: 450x520x705 mm; Dozatoare \u0219i control al temperaturii pe afi\u0219aj; Afi\u0219area temperaturii; Modul Thermostop pentru a asigura c\u0103 cl\u0103tirea este \u00eentotdeauna la temperatura potrivit\u0103; Semnal de \u00eenc\u0103lzire rezervor\/cazan.<\/p>\n","protected":false},"featured_media":36570,"template":"","meta":[],"_links":{"self":[{"href":"https:\/\/evotek.md\/ro\/wp-json\/wp\/v2\/product\/36572"}],"collection":[{"href":"https:\/\/evotek.md\/ro\/wp-json\/wp\/v2\/product"}],"about":[{"href":"https:\/\/evotek.md\/ro\/wp-json\/wp\/v2\/types\/product"}],"wp:featuredmedia":[{"embeddable":true,"href":"https:\/\/evotek.md\/ro\/wp-json\/wp\/v2\/media\/36570"}],"wp:attachment":[{"href":"https:\/\/evotek.md\/ro\/wp-json\/wp\/v2\/media?parent=36572"}],"curies":[{"name":"wp","href":"https:\/\/api.w.org\/{rel}","templated":true}]}}