{"id":36532,"date":"2023-04-19T12:44:57","date_gmt":"2023-04-19T12:44:57","guid":{"rendered":"https:\/\/evotek.md\/?post_type=product&#038;p=36532"},"modified":"2023-04-19T12:48:09","modified_gmt":"2023-04-19T12:48:09","slug":"vt101-700l-c","status":"publish","type":"product","link":"https:\/\/evotek.md\/ro\/produse\/echipamente-frigorifice\/vitrina-frigorifica-de-perete\/vt101-700l-c\/","title":{"rendered":"VITRINA FRIGORIFICA DE PERETE, VARIANT 70L 1.25 -VT101.700L-c"},"content":{"rendered":"<p><strong>VITRINA FRIGORIFICA DE PERETE, VARIANT 70L 1.25 -VT101.700L-c- Vitrina frigorifica de perete (Variant)<\/strong>\u00a0este un utilaj de refrigerare creat pentru o expunere a produselor mai atractiv\u0103 \u0219i eficace, care poate fi folosit pentru expunerea r\u0103coritoarelor, a produselor lactate sau a preparatelor din carne ambalate \u00een supermarketuri. \u00cen varianta standard, raftul este produs cu panouri laterale metalice. Pentru ad\u0103ugarea op\u021bionalelor, v\u0103 recomand\u0103m s\u0103 \u00eei contacta\u021bi pe consilierii no\u0219tri de v\u00e2nz\u0103ri.<\/p>\n<p>Un profil special conceput\u00a0<strong>permite instalarea rulourilor sau a unui sistem de u\u0219i selectat (culisant sau cu batant). <\/strong>Permite schimbarea unit\u0103\u021bii chiar la locul de utilizare f\u0103r\u0103 a modifica structura de baz\u0103 (dup\u0103 furnizarea unui set de piese montate pe profil).<\/p>\n<p>Caracteristici<br \/>\nLungime: 1250 mm<br \/>\nInaltime: 1990\u00b110 mm<br \/>\nAd\u00e2ncime: 720 mm<br \/>\nCapacitate utila: 784 dmc<br \/>\nSuprafata expozitie: 3,00 m2<br \/>\nSuprafata totala expozitie TDA: 1,92 m2<br \/>\nInterval de temperatur\u0103 de func\u021bionare a echipamentului: +1 \u00b1 +10 \u00b0C<br \/>\nClasa de temperatura ambientala: 3M1<br \/>\nClasa climatica: 3 (25\u00b0C; 60% RH)<br \/>\nClasa de eficienta energetica: C<br \/>\nAgent frigorific: R448A \/ R449A \/ R452A \/ R407F \/ R404A \/ R507<br \/>\nTensiune nominal\u0103: 230 V \/ 50 Hz<br \/>\nPutere nominala: 204 W<\/p>\n","protected":false},"excerpt":{"rendered":"<p>Vitrina frigorifica de perete. Lungime: 1250 mm; Inaltime: 1990\u00b110 mm; Ad\u00e2ncime: 720 mm; Capacitate utila: 784 dmc; Suprafata expozitie: 3,00 m2; Suprafata totala expozitie TDA: 1,92 m2; Interval de temperatur\u0103 de func\u021bionare a echipamentului: +1 \u00b1 +10 \u00b0C; Clasa de temperatura ambientala: 3M1; Clasa climatica: 3 (25\u00b0C; 60% RH); Clasa de eficienta energetica: C; Agent frigorific: R448A \/ R449A \/ R452A \/ R407F \/ R404A \/ R507; Tensiune nominal\u0103: 230 V \/ 50 Hz; Putere nominala: 204 W.<\/p>\n","protected":false},"featured_media":36527,"template":"","meta":[],"_links":{"self":[{"href":"https:\/\/evotek.md\/ro\/wp-json\/wp\/v2\/product\/36532"}],"collection":[{"href":"https:\/\/evotek.md\/ro\/wp-json\/wp\/v2\/product"}],"about":[{"href":"https:\/\/evotek.md\/ro\/wp-json\/wp\/v2\/types\/product"}],"wp:featuredmedia":[{"embeddable":true,"href":"https:\/\/evotek.md\/ro\/wp-json\/wp\/v2\/media\/36527"}],"wp:attachment":[{"href":"https:\/\/evotek.md\/ro\/wp-json\/wp\/v2\/media?parent=36532"}],"curies":[{"name":"wp","href":"https:\/\/api.w.org\/{rel}","templated":true}]}}