{"id":36521,"date":"2023-04-19T10:42:27","date_gmt":"2023-04-19T10:47:40","guid":{"rendered":"https:\/\/evotek.md\/?post_type=product&#038;p=36521"},"modified":"2023-04-19T10:47:40","modified_gmt":"2023-04-19T10:47:40","slug":"fimar-lav","status":"publish","type":"product","link":"https:\/\/evotek.md\/ro\/produse\/echipamente-electromecanice\/masina-de-spalat-si-uscat-pentru-legume\/fimar-lav\/","title":{"rendered":"MASINA DE SPALAT SI USCAT LEGUME -FIMAR-LAV"},"content":{"rendered":"<p><strong>MASINA DE SPALAT SI USCAT LEGUME -FIMAR-LAV<\/strong><\/p>\n<p>Carcasa din o\u021bel inoxidabil AISI 304 &#8211; capac superior din policarbonat transparent alimentar &#8211; micro\u00eentrerup\u0103tor de siguran\u021b\u0103 pe capac &#8211; filtru deta\u0219abil \u0219i filtru de scurgere &#8211; pomp\u0103 de scurgere extern\u0103 inspectabil\u0103 &#8211; consum de ap\u0103 pe ciclu aprox. pentru sp\u0103lare \u0219i unul pentru centrifug\u0103 &#8211; posibilitatea de a alege dou\u0103 cicluri de sp\u0103lare manual\u0103 \u0219i de trei ori \u00een timpul ciclului \u201euscat\u201d. M\u0103suri pentru conectarea cantit\u0103\u021bii necesare de ap\u0103 3\/4\u2033.<\/p>\n<p>Caracteristici<br \/>\nPutere: 0,37-0,11 kW (0,5-0,15 CP) Kw<br \/>\nAlimentare: 400V\/3N\/50Hz<br \/>\nDurata ciclului de sp\u0103lare: 3,5\/4,5\u2019<br \/>\nDebit (kg\/h): \u00b1 20 \u2013 25 Kg\/h<br \/>\nDimensiune co\u0219: \u00f8 280&#215;270(h) mm<br \/>\nDimensiuni ma\u0219in\u0103: 450x610x880(h) mm<br \/>\nGreutate neta: 40 kg<br \/>\nGreutate bruta: 50 kg<\/p>\n","protected":false},"excerpt":{"rendered":"<p>Masina de spalat si uscat legume. Putere: 0,37-0,11 kW (0,5-0,15 CP) Kw; Alimentare: 400V\/3N\/50Hz; Durata ciclului de sp\u0103lare: 3,5\/4,5\u2019; Debit (kg\/h): \u00b1 20 \u2013 25 Kg\/h; Dimensiune co\u0219: \u00f8 280&#215;270(h) mm; Dimensiuni ma\u0219in\u0103: 450x610x880(h) mm; Greutate neta: 40 kg; Greutate bruta: 50 kg.<\/p>\n","protected":false},"featured_media":36520,"template":"","meta":[],"_links":{"self":[{"href":"https:\/\/evotek.md\/ro\/wp-json\/wp\/v2\/product\/36521"}],"collection":[{"href":"https:\/\/evotek.md\/ro\/wp-json\/wp\/v2\/product"}],"about":[{"href":"https:\/\/evotek.md\/ro\/wp-json\/wp\/v2\/types\/product"}],"wp:featuredmedia":[{"embeddable":true,"href":"https:\/\/evotek.md\/ro\/wp-json\/wp\/v2\/media\/36520"}],"wp:attachment":[{"href":"https:\/\/evotek.md\/ro\/wp-json\/wp\/v2\/media?parent=36521"}],"curies":[{"name":"wp","href":"https:\/\/api.w.org\/{rel}","templated":true}]}}