{"id":36510,"date":"2023-04-19T09:46:08","date_gmt":"2023-04-19T09:46:08","guid":{"rendered":"https:\/\/evotek.md\/?post_type=product&#038;p=36510"},"modified":"2023-04-19T09:56:11","modified_gmt":"2023-04-19T09:56:11","slug":"mec-mcp25","status":"publish","type":"product","link":"https:\/\/evotek.md\/ro\/produse\/echipamente-frigorifice\/masina-de-produs-gheata\/mec-mcp25\/","title":{"rendered":"MASINA DE PRODUS GHEATA 25 kg\/24 ore -MEC-MCP25"},"content":{"rendered":"<div><strong>MASINA DE PRODUS GHEATA 25 kg\/24 ore -MEC-MCP25-<\/strong> Cub de ghea\u021b\u0103 complet de \u00eenalt\u0103 densitate, limpede \u0219i curat. Potrivit pentru r\u0103cirea pe termen lung a oric\u0103rei b\u0103uturi f\u0103r\u0103 a o dilua cu ap\u0103, pentru orice aplicare.<\/div>\n<div>EVAPORATOR ORIZONTAL, SISTEM DE PULVERIZARE: Evaporatorul orizontal este format din cupe conice de cupru orientate \u00een jos.<\/div>\n<div>Pompa ridic\u0103 apa sub presiune, care este pulverizat\u0103 pe evaporatoare cu ajutorul duzelor.<\/div>\n<div>Cuburile de ghea\u021b\u0103 se formeaz\u0103 \u00een interiorul fiec\u0103rei ce\u0219ti \u0219i, datorit\u0103 gazului fierbinte, cad \u00een rezervor.<\/div>\n<div>SUBBANDA: Ma\u0219ini mici \u201euniversale\u201d pentru toate scopurile, de la casnic la comercial. Toate modelele sunt disponibile pentru \u201eutilizare tropical\u0103\u201d: pot produce ghea\u021b\u0103 chiar \u0219i la o temperatur\u0103 ridicat\u0103 a camerei de 43\u00b0C \u0219i o temperatur\u0103 a apei de 35\u00b0C.<\/div>\n<div><\/div>\n<div>Caracteristici<\/div>\n<div>Sistem de racire: A\/B<\/div>\n<div>Dimensiuni: 365x495x595 mm<\/div>\n<div>Produc\u021bie \u00een 24 de ore: 25 kg (1388 cuburi de gheata)<\/div>\n<div>Capacitate rezervor: 6 kg<\/div>\n<div>Tensiune: 230V &#8211; 50Hz<\/div>\n<div>Conexiune: 450 W<\/div>\n<div>Volum: 0,18 mc<\/div>\n<div>Greutate neta: 36,5 kg<\/div>\n","protected":false},"excerpt":{"rendered":"<p>Ma\u0219in\u0103 de produs ghea\u021b\u0103 cu <span style=\"font-size: 14.4px\">productivitatea de 25 kg \u00een 24 de ore.m<\/span>Sistem de racire: A\/B; Dimensiuni: 365x495x595 mm; Produc\u021bie \u00een 24 de ore: 25 kg (1388 cuburi de gheata); Capacitate rezervor: 6 kg; Tensiune: 230V &#8211; 50Hz; Conexiune: 450 W; Volum: 0,18 mc; Greutate neta: 36,5 kg.<\/p>\n","protected":false},"featured_media":36513,"template":"","meta":[],"_links":{"self":[{"href":"https:\/\/evotek.md\/ro\/wp-json\/wp\/v2\/product\/36510"}],"collection":[{"href":"https:\/\/evotek.md\/ro\/wp-json\/wp\/v2\/product"}],"about":[{"href":"https:\/\/evotek.md\/ro\/wp-json\/wp\/v2\/types\/product"}],"wp:featuredmedia":[{"embeddable":true,"href":"https:\/\/evotek.md\/ro\/wp-json\/wp\/v2\/media\/36513"}],"wp:attachment":[{"href":"https:\/\/evotek.md\/ro\/wp-json\/wp\/v2\/media?parent=36510"}],"curies":[{"name":"wp","href":"https:\/\/api.w.org\/{rel}","templated":true}]}}