{"id":3650,"date":"2020-03-03T13:34:24","date_gmt":"2020-03-03T13:35:43","guid":{"rendered":"https:\/\/evotek.md\/?post_type=product&#038;p=3650"},"modified":"2023-03-09T10:18:22","modified_gmt":"2023-03-09T10:18:22","slug":"mixer-planetar-mpm-20l-m-09300165","status":"publish","type":"product","link":"https:\/\/evotek.md\/ro\/produse\/echipamente-electromecanice\/mixer-planetar\/mixer-planetar-mpm-20l-m-09300165\/","title":{"rendered":"MIXER PLANETAR, 20 LITRI (gri) -M-09300165"},"content":{"rendered":"<p><strong>MIXER PLANETAR, 20 LITRI (gri) -M-09300165-<\/strong> Este un mixer puternic planetar cu un vas robust de 20 litri, din inox. Pute\u021bi seta acest mixer planetar la trei viteze diferite: 105, 180 \u0219i 408 rpm. Mixerul are o vitez\u0103 maxim\u0103 ridicat\u0103 \u0219i este u\u0219or de cur\u0103\u021bat. Conceput cu carcasa din font\u0103 \u0219i un strat rezistent la zg\u00e2rieturi, astfel \u00eenc\u00e2t s\u0103 pute\u021bi p\u0103stra aparatul c\u00e2t mai mult timp nou.<\/p>\n<p>Caracteristici<\/p>\n<p>Dimensiuni: 440x520x790 mm<\/p>\n<p>Putere: 230 V \/ 50 Hz \/ 1 faz\u0103 750 W<\/p>\n<p>3 viteze: 105 &#8211; 180 &#8211; 408 rpm<\/p>\n<p>Bol durabil din inox 20,0 L<\/p>\n<p>Butoanele de pornire \u0219i oprire separate<\/p>\n<p>Greutate net\u0103: 76 kg<\/p>\n<p>&nbsp;<\/p>\n<p>&nbsp;<\/p>\n","protected":false},"excerpt":{"rendered":"<p>Mixer planetar cu un volum de 20 litri. Dimensiuni: 440x520x790 mm; Putere: 230 V \/ 50 Hz \/ 1 faz\u0103 750 W; 3 viteze: 105 &#8211; 180 &#8211; 408 rpm; Greutate net\u0103: 76 kg.<\/p>\n","protected":false},"featured_media":3637,"template":"","meta":[],"_links":{"self":[{"href":"https:\/\/evotek.md\/ro\/wp-json\/wp\/v2\/product\/3650"}],"collection":[{"href":"https:\/\/evotek.md\/ro\/wp-json\/wp\/v2\/product"}],"about":[{"href":"https:\/\/evotek.md\/ro\/wp-json\/wp\/v2\/types\/product"}],"wp:featuredmedia":[{"embeddable":true,"href":"https:\/\/evotek.md\/ro\/wp-json\/wp\/v2\/media\/3637"}],"wp:attachment":[{"href":"https:\/\/evotek.md\/ro\/wp-json\/wp\/v2\/media?parent=3650"}],"curies":[{"name":"wp","href":"https:\/\/api.w.org\/{rel}","templated":true}]}}