{"id":36497,"date":"2023-04-19T09:32:15","date_gmt":"2023-04-19T09:33:09","guid":{"rendered":"https:\/\/evotek.md\/?post_type=product&#038;p=36497"},"modified":"2023-04-19T09:36:25","modified_gmt":"2023-04-19T09:36:25","slug":"ph-1135","status":"publish","type":"product","link":"https:\/\/evotek.md\/ro\/produse\/echipamente-frigorifice\/blaturi-frigorifice-comerciale\/ph-1135\/","title":{"rendered":"BLAT FRIGORIFIC COMERCIAL -PH-1135"},"content":{"rendered":"<div><strong>BLAT FRIGORIFIC COMERCIAL -PH-1135-<\/strong><\/div>\n<div><\/div>\n<div><em>Bloc de control.<\/em><\/div>\n<div>V\u0103 permite s\u0103 seta\u021bi \u0219i s\u0103 controla\u021bi<\/div>\n<div>setarea temperaturii frigiderului.<\/div>\n<div><\/div>\n<div><em>Dezghetare automata.<\/em><\/div>\n<div>Designul ofer\u0103 automat<\/div>\n<div>contra decongelare.<\/div>\n<div><\/div>\n<div><em>Izolatie grosime 60 mm.<\/em><\/div>\n<div>Garanteaz\u0103 func\u021bionarea optim\u0103 a mesei frigorifice la temperatura camerei de p\u00e2n\u0103 la + 42\u00b0\u0421.<\/div>\n<div><\/div>\n<div><em>Ghiduri pentru frigider.<\/em><\/div>\n<div>Au un design pliabil.<\/div>\n<div><\/div>\n<div><em>Rafturi.<\/em><\/div>\n<div>Tejghelele frigorifice sunt completate cu un raft din inox sau doua regimente la comanda.<\/div>\n<div><\/div>\n<div>Caracteristici<\/div>\n<div>Tensiune: 230V<\/div>\n<div>Putere: 0,25 kW<\/div>\n<div>Interval de control al temperaturii: +2&#8230;+8 \u2103<\/div>\n<div>Dimensiuni fara ghidaj si raft (l\/l\/h): 1135x700x850 mm<\/div>\n<div>Dimensiuni totale (l\/l\/h): 1135x1020x1300 mm<\/div>\n<div>Greutate: 79 kg<\/div>\n","protected":false},"excerpt":{"rendered":"<p>Blat frigorific comercial. Tensiune: 230V; Putere: 0,25 kW; Interval de control al temperaturii: +2&#8230;+8 \u2103; Dimensiuni fara ghidaj si raft (l\/l\/h): 1135x700x850 mm; Dimensiuni totale (l\/l\/h): 1135x1020x1300 mm; Greutate: 79 kg.<\/p>\n","protected":false},"featured_media":36495,"template":"","meta":[],"_links":{"self":[{"href":"https:\/\/evotek.md\/ro\/wp-json\/wp\/v2\/product\/36497"}],"collection":[{"href":"https:\/\/evotek.md\/ro\/wp-json\/wp\/v2\/product"}],"about":[{"href":"https:\/\/evotek.md\/ro\/wp-json\/wp\/v2\/types\/product"}],"wp:featuredmedia":[{"embeddable":true,"href":"https:\/\/evotek.md\/ro\/wp-json\/wp\/v2\/media\/36495"}],"wp:attachment":[{"href":"https:\/\/evotek.md\/ro\/wp-json\/wp\/v2\/media?parent=36497"}],"curies":[{"name":"wp","href":"https:\/\/api.w.org\/{rel}","templated":true}]}}