{"id":36462,"date":"2023-04-18T13:21:28","date_gmt":"2023-04-18T13:21:28","guid":{"rendered":"https:\/\/evotek.md\/?post_type=product&#038;p=36462"},"modified":"2023-04-18T13:23:57","modified_gmt":"2023-04-18T13:23:57","slug":"2000x800x350-mm-zv-n-p-f","status":"publish","type":"product","link":"https:\/\/evotek.md\/ro\/produse\/mobila-din-inox\/hote-din-inox\/de-perete\/2000x800x350-mm-zv-n-p-f\/","title":{"rendered":"HOTA DE PERETE PENTRU TAVANE JOASE 2000x800x350 mm -ZV-N-P F"},"content":{"rendered":"<p><strong>HOTA DE PERETE PENTRU TAVANE JOASE 2000x800x350 mm -ZV-N-P F-<\/strong> Hota de ventilatie pentru tavane joase are o croiala speciala care permite bucatarului sa lucreze fara niciun disconfort asociat cu inaltimea hotei.<\/p>\n<p>Particularitati:<\/p>\n<p>Hota de evacuare este echipat\u0103 cu filtre labirint deta\u0219abile din o\u021bel inoxidabil \u0219i un robinet pentru scurgerea lichidului acumulat. Filtrele sunt u\u0219or de instalat \u0219i dezasamblat.<\/p>\n<p>Diametrul flan\u0219ei de leg\u0103tur\u0103 poate fi de orice form\u0103 \u0219i dimensiune.<\/p>\n<p>Atunci c\u00e2nd alege\u021bi o hot\u0103 de ventila\u021bie, trebuie respectat\u0103 urm\u0103toarea regul\u0103: dimensiunile hotei de evacuare trebuie s\u0103 fie cu 200 mm mai mari dec\u00e2t dimensiunile echipamentului.<\/p>\n<p>Caracteristici<br \/>\nTip montaj: de perete<br \/>\nCapcane de gr\u0103sime: tip labirint<br \/>\nInaltime: 350 mm<br \/>\nLatime: 800 mm<br \/>\nLungime: 2000 mm<\/p>\n","protected":false},"excerpt":{"rendered":"<p>Hota din inox pentru tavane joase. Tip montaj: de perete; Capcane de gr\u0103sime: tip labirint; Inaltime: 350 mm; Latime: 800 mm; Lungime: 2000 mm.<\/p>\n<p>&nbsp;<\/p>\n","protected":false},"featured_media":32699,"template":"","meta":[],"_links":{"self":[{"href":"https:\/\/evotek.md\/ro\/wp-json\/wp\/v2\/product\/36462"}],"collection":[{"href":"https:\/\/evotek.md\/ro\/wp-json\/wp\/v2\/product"}],"about":[{"href":"https:\/\/evotek.md\/ro\/wp-json\/wp\/v2\/types\/product"}],"wp:featuredmedia":[{"embeddable":true,"href":"https:\/\/evotek.md\/ro\/wp-json\/wp\/v2\/media\/32699"}],"wp:attachment":[{"href":"https:\/\/evotek.md\/ro\/wp-json\/wp\/v2\/media?parent=36462"}],"curies":[{"name":"wp","href":"https:\/\/api.w.org\/{rel}","templated":true}]}}