{"id":36401,"date":"2023-04-13T08:57:37","date_gmt":"2023-04-13T08:57:37","guid":{"rendered":"https:\/\/evotek.md\/?post_type=product&#038;p=36401"},"modified":"2023-08-23T11:47:59","modified_gmt":"2023-08-23T11:47:59","slug":"st-111156","status":"publish","type":"product","link":"https:\/\/evotek.md\/ro\/produse\/accesorii-si-inventar-bucatarie\/containere-gn\/st-111156\/","title":{"rendered":"CONTAINER INOX GN1\/1 h150 mm (19 litri) -ST-111156"},"content":{"rendered":"<p><strong>CONTAINER INOX GN1\/1 h150 mm (19 litri) -ST-111156- <\/strong>Recipientele gastronormice sunt un atribut integral al unei buc\u0103t\u0103rii profesionale. Acestea sunt destinate depozit\u0103rii, transport\u0103rii produselor alimentare, pentru afi\u0219area \u00eentr-o vitrin\u0103 sau a unei cafenele, uneori folosite pentru g\u0103tirea m\u00e2nc\u0103rurilor, de exemplu, sosuri. Recipientele gastronormice sunt fabricate din inox de \u00eenalt\u0103 calitate.<\/p>\n<p>Caracteristici<\/p>\n<p>Dimensiune: GN 1\/1<\/p>\n<p>Parametri: 530x325x150 mm<\/p>\n<p>Volumul: 19 L<\/p>\n<p>Material: inox<\/p>\n<p>&nbsp;<\/p>\n<p>&nbsp;<\/p>\n","protected":false},"excerpt":{"rendered":"<p>Container inox GN 1\/1, h-150 mm. Parametri: 530x325x150 mm; Volum: 19 L; Material: inox.<\/p>\n","protected":false},"featured_media":19797,"template":"","meta":[],"_links":{"self":[{"href":"https:\/\/evotek.md\/ro\/wp-json\/wp\/v2\/product\/36401"}],"collection":[{"href":"https:\/\/evotek.md\/ro\/wp-json\/wp\/v2\/product"}],"about":[{"href":"https:\/\/evotek.md\/ro\/wp-json\/wp\/v2\/types\/product"}],"wp:featuredmedia":[{"embeddable":true,"href":"https:\/\/evotek.md\/ro\/wp-json\/wp\/v2\/media\/19797"}],"wp:attachment":[{"href":"https:\/\/evotek.md\/ro\/wp-json\/wp\/v2\/media?parent=36401"}],"curies":[{"name":"wp","href":"https:\/\/api.w.org\/{rel}","templated":true}]}}