{"id":36395,"date":"2023-04-13T08:25:02","date_gmt":"2023-04-13T08:25:02","guid":{"rendered":"https:\/\/evotek.md\/?post_type=product&#038;p=36395"},"modified":"2023-04-13T08:32:07","modified_gmt":"2023-04-13T08:32:07","slug":"st-692211","status":"publish","type":"product","link":"https:\/\/evotek.md\/ro\/produse\/solutii-pentru-curatare\/insecticide-pentru-horeca\/st-692211\/","title":{"rendered":"LAMPA ELECTRICA INSECTICIDA (pana la 20 m\u00b2) -ST-692211"},"content":{"rendered":"<p><strong>LAMPA ELECTRICA INSECTICIDA (pana la 20 m\u00b2) -ST-692211-<\/strong> Lampa insecticid este utilizat\u0103 \u00een baruri, magazine alimentare, m\u0103cel\u0103rii, cofet\u0103rii, spitale. Dispozitiv universal de control al insectelor. Poate fi montat pe perete. Momeal\u0103 insectele printr-un sistem UV. O capcan\u0103 echipat\u0103 cu o re\u021bea de \u00eenalt\u0103 tensiune. Aparatul este certificat HACCP. Raza de lucru 20 m\u00b2.<\/p>\n<p><strong>Avantaje:<\/strong><\/p>\n<p>zona eficient\u0103 de efect.<br \/>\nFunc\u021bioneaz\u0103 f\u0103r\u0103 utilizarea de substan\u021be chimice.<br \/>\nLumina l\u0103mpii este complet sigur\u0103 pentru oameni \u0219i animale.<br \/>\nConstruc\u021bie robust\u0103.<br \/>\nEficien\u021b\u0103 ridicat\u0103 a distrugerii insectelor.<br \/>\nTav\u0103 deta\u0219abil\u0103 pentru cur\u0103\u021barea rapid\u0103 a l\u0103mpii.<br \/>\nSchimba\u021bi demaroarele \u0219i becurile dintr-o singur\u0103 mi\u0219care, f\u0103r\u0103 a fi nevoie s\u0103 demonta\u021bi \u00eentregul aparat.<br \/>\nPrincipiul de func\u021bionare este urm\u0103torul: l\u0103mpile electrice cu ultraviolete emit o gam\u0103 \u00eengust\u0103 de lumin\u0103 \u00een spectrul vizibil, care atrage insectele zbur\u0103toare (\u021b\u00e2n\u021bari, fluturi etc.). Dup\u0103 ce a zburat \u00een dispozitiv, insecta atinge re\u021beaua metalic\u0103 sub tensiune \u0219i este distrus\u0103 instantaneu de o desc\u0103rcare electric\u0103. Dispozitivul serve\u0219te ca o alternativ\u0103 excelent\u0103 la repellen\u021bii chimici.<\/p>\n<p><strong>Caracteristici<\/strong><br \/>\nNum\u0103r de l\u0103mpi: 2&#215;10 W<br \/>\nRaza de lucru: 20 m\u00b2<br \/>\nMaterial caroserie: metal \u0219i plastic<br \/>\nTensiune: 220V<br \/>\nPutere: 0,02 kW<br \/>\nDimensiuni: 320\u0445390\u0445100 mm<br \/>\nGreutate: 3 kg<\/p>\n","protected":false},"excerpt":{"rendered":"<p>Lamp\u0103 insecticid\u0103 20 \u043c\u00b2. Num\u0103r de l\u0103mpi: 2&#215;10 W; Material caroserie: metal \u0219i plastic; Tensiune: 220V; Putere: 0,02 kW; Dimensiuni: 320\u0445390\u0445100 mm; Greutate: 3 kg.<\/p>\n","protected":false},"featured_media":30821,"template":"","meta":[],"_links":{"self":[{"href":"https:\/\/evotek.md\/ro\/wp-json\/wp\/v2\/product\/36395"}],"collection":[{"href":"https:\/\/evotek.md\/ro\/wp-json\/wp\/v2\/product"}],"about":[{"href":"https:\/\/evotek.md\/ro\/wp-json\/wp\/v2\/types\/product"}],"wp:featuredmedia":[{"embeddable":true,"href":"https:\/\/evotek.md\/ro\/wp-json\/wp\/v2\/media\/30821"}],"wp:attachment":[{"href":"https:\/\/evotek.md\/ro\/wp-json\/wp\/v2\/media?parent=36395"}],"curies":[{"name":"wp","href":"https:\/\/api.w.org\/{rel}","templated":true}]}}