{"id":36391,"date":"2023-04-13T08:12:51","date_gmt":"2023-04-13T08:12:51","guid":{"rendered":"https:\/\/evotek.md\/?post_type=product&#038;p=36391"},"modified":"2023-04-13T08:38:48","modified_gmt":"2023-04-13T08:38:48","slug":"st-852120","status":"publish","type":"product","link":"https:\/\/evotek.md\/ro\/produse\/echipamente-pentru-bar-si-cafea\/vitrine-frigorifice-pentru-patiserie-2\/st-852120\/","title":{"rendered":"VITRINA FRIGORIFICA PENTRU PATISERIE DE MASA 120 L ARGINTIU -ST-852120"},"content":{"rendered":"<p><strong>VITRINA FRIGORIFICA PENTRU PATISERIE DE MASA 120 L ARGINTIU -ST-852120-<\/strong> Frigiderul vitrin\u0103 Stalgast 120 L este realizat din componente de cea mai \u00eenalt\u0103 calitate, datorit\u0103 c\u0103rora nu numai c\u0103 arat\u0103 frumos, dar este \u0219i u\u0219or de cur\u0103\u021bat. Construc\u021bia robust\u0103 asigur\u0103 durabilitatea \u0219i satisfac\u021bia utilizatorului. Cele 3 niveluri de afi\u0219are fac posibil\u0103 distingerea eficient\u0103 a m\u00e2nc\u0103rurilor dulci.<\/p>\n<p>Dispozitivul este vitrat pe 4 laturi, ceea ce v\u0103 permite s\u0103 afi\u0219a\u021bi perfect con\u021binutul \u0219i permite at\u00e2t clien\u021bilor, c\u00e2t \u0219i angaja\u021bilor s\u0103-l vad\u0103 \u00een \u00eentregime. Pentru a face produsele afi\u0219ate mai atractive din punct de vedere vizual \u0219i pentru a le face c\u00e2t mai vizibile, \u00een vitrin\u0103 a fost folosit\u0103 iluminare cu LED.<\/p>\n<p>Cele 2 rafturi reglabile iti permit sa le pozitionezi liber la o inaltime care se potriveste nevoilor tale momentan. Dac\u0103 este necesar, rafturile pot fi mutate, m\u0103rind sau mic\u0219or\u00e2nd distan\u021ba dintre ele. Circula\u021bia for\u021bat\u0103 a aerului \u00eenseamn\u0103 c\u0103, indiferent de setarea lor, aerul este distribuit uniform, ceea ce \u00eenseamn\u0103 c\u0103 temperatura din interiorul dispozitivului va fi aceea\u0219i \u00een orice loc.<\/p>\n<p>Pentru a simplifica c\u00e2t mai mult lucrul cu dispozitivul, produc\u0103torul a aplicat func\u021bia de dezghe\u021bare automat\u0103. Datorit\u0103 acestui fapt, nu este nevoie s\u0103 monitoriza\u021bi \u00een mod constant gradul de \u00eenghe\u021bare \u0219i s\u0103 deconecta\u021bi dispozitivul de la re\u021bea pentru a-l cur\u0103\u021ba. Aceast\u0103 solu\u021bie \u00eembun\u0103t\u0103\u021be\u0219te semnificativ eficien\u021ba energetic\u0103 \u0219i eficien\u021ba muncii.<\/p>\n<p>O tav\u0103 special\u0103 pentru picurare situat\u0103 \u00een partea de jos a dispozitivului face ca depozitarea alimentelor \u00een interiorul dulapului s\u0103 fie igien\u0103. Datorit\u0103 acestui fapt, apa nu se acumuleaz\u0103 \u00een apropierea produselor, ceea ce nu numai c\u0103 poate compromite calitatea acestora, ci poate provoca \u0219i un efect vizual nepl\u0103cut. Aparatul este echipat cu un controler electronic cu indicare a temperaturii.<\/p>\n<p>Vitrina frigorific\u0103 Stalgast este o solu\u021bie ideal\u0103 pentru patiserii, brut\u0103rii, restaurante, cafenele, magazine alimentare \u0219i magazine care v\u00e2nd loturi mici de produse de cofet\u0103rie proaspete.<\/p>\n<p>Caracteristici<br \/>\nLatime: 702 mm<br \/>\nAd\u00e2ncime: 568 mm<br \/>\nInaltime: 686 mm<br \/>\nTensiune: 230V<br \/>\nElectricitate: 160 W<br \/>\nTemperatura minima: 0 \u00b0C<br \/>\nTemperatura maxima: 12 \u00b0C<\/p>\n","protected":false},"excerpt":{"rendered":"<p>Vitrin\u0103 frigorific\u0103 de mas\u0103 cu dou\u0103 rafturi cu o capacitate de 120 litri. Latime: 702 mm; Ad\u00e2ncime: 568 mm; Inaltime: 686 mm; Tensiune: 230V; Electricitate: 160 W; Temperatura minima: 0 \u00b0C; Temperatura maxima: 12 \u00b0C.<\/p>\n","protected":false},"featured_media":36398,"template":"","meta":[],"_links":{"self":[{"href":"https:\/\/evotek.md\/ro\/wp-json\/wp\/v2\/product\/36391"}],"collection":[{"href":"https:\/\/evotek.md\/ro\/wp-json\/wp\/v2\/product"}],"about":[{"href":"https:\/\/evotek.md\/ro\/wp-json\/wp\/v2\/types\/product"}],"wp:featuredmedia":[{"embeddable":true,"href":"https:\/\/evotek.md\/ro\/wp-json\/wp\/v2\/media\/36398"}],"wp:attachment":[{"href":"https:\/\/evotek.md\/ro\/wp-json\/wp\/v2\/media?parent=36391"}],"curies":[{"name":"wp","href":"https:\/\/api.w.org\/{rel}","templated":true}]}}