{"id":36377,"date":"2023-04-13T07:42:29","date_gmt":"2023-04-13T07:42:29","guid":{"rendered":"https:\/\/evotek.md\/?post_type=product&#038;p=36377"},"modified":"2023-05-05T07:07:57","modified_gmt":"2023-05-05T07:07:57","slug":"st-692602","status":"publish","type":"product","link":"https:\/\/evotek.md\/ro\/produse\/accesorii-si-inventar-bucatarie\/lampi-de-incalzire\/st-692602\/","title":{"rendered":"LAMPA SUSPENDATA PENTRU INCALZIREA BUCATELOR (AURIE) \u00d8173 mm -ST-692602"},"content":{"rendered":"<div><strong>LAMPA SUSPENDATA PENTRU INCALZIREA BUCATELOR (AURIE) \u00d8173 mm -ST-692602-<\/strong> Lampa de incalzire este o solutie simpla si comoda pentru incalzirea bucatelor in bufete si catering. O lamp\u0103 de incalzirea alimentelor este utilizat\u0103 \u00een zonele finale de g\u0103tit. Carcasa este din o\u021bel cromat, lampa este \u00een infraro\u0219u. Lampa de incalzire are design modern, usor reglabila in inaltime.<\/div>\n<div><\/div>\n<div>Caracteristici<\/div>\n<div>Tip de instalare: suspendat<\/div>\n<div>Diametru: 173 mm<\/div>\n<div>Numar de lampi: 1 bucata<\/div>\n<div>Cablu reglabil: de la 90 cm la 170 cm<\/div>\n<div>Conexiune de alimentare: 230 V \/ 1 Ph \/ 0,25 kW<\/div>\n","protected":false},"excerpt":{"rendered":"<p>Lampa suspendata pentru incalzirea bucatelor. Tip de instalare: suspendat; Diametru: 173 mm; Numar de lampi: 1 bucata; Cablu reglabil: de la 90 cm la 170 cm; Conexiune de alimentare: 230 V \/ 1 Ph \/ 0,25 kW.<\/p>\n","protected":false},"featured_media":36380,"template":"","meta":[],"_links":{"self":[{"href":"https:\/\/evotek.md\/ro\/wp-json\/wp\/v2\/product\/36377"}],"collection":[{"href":"https:\/\/evotek.md\/ro\/wp-json\/wp\/v2\/product"}],"about":[{"href":"https:\/\/evotek.md\/ro\/wp-json\/wp\/v2\/types\/product"}],"wp:featuredmedia":[{"embeddable":true,"href":"https:\/\/evotek.md\/ro\/wp-json\/wp\/v2\/media\/36380"}],"wp:attachment":[{"href":"https:\/\/evotek.md\/ro\/wp-json\/wp\/v2\/media?parent=36377"}],"curies":[{"name":"wp","href":"https:\/\/api.w.org\/{rel}","templated":true}]}}