{"id":36375,"date":"2023-04-13T07:20:59","date_gmt":"2023-04-13T07:37:20","guid":{"rendered":"https:\/\/evotek.md\/?post_type=product&#038;p=36375"},"modified":"2023-04-13T08:06:52","modified_gmt":"2023-04-13T08:06:52","slug":"lampa-suspendata-pentru-incalzirea-bucatelor-negra-o290-mm-st-692611","status":"publish","type":"product","link":"https:\/\/evotek.md\/ro\/produse\/accesorii-si-inventar-bucatarie\/lampi-pentru-incalzirea-bucatelor\/lampa-suspendata-pentru-incalzirea-bucatelor-negra-o290-mm-st-692611\/","title":{"rendered":"LAMPA SUSPENDATA PENTRU INCALZIREA BUCATELOR (NEGRA) \u00d8290 mm -ST-692611"},"content":{"rendered":"<div><strong>LAMPA SUSPENDATA PENTRU INCALZIREA BUCATELOR (NEGRA) \u00d8290 mm -ST-692611-<\/strong> Lampa de incalzire este o solutie simpla si comoda pentru incalzirea bucatelor in bufete si catering. O lamp\u0103 de incalzirea alimentelor este utilizat\u0103 \u00een zonele finale de g\u0103tit. Carcasa este din o\u021bel cromat, lampa este \u00een infraro\u0219u. Lampa de incalzire are design modern, usor reglabila in inaltime.<\/div>\n<div><\/div>\n<div>Caracteristici<\/div>\n<div>Tip de instalare: suspendat<\/div>\n<div>Diametru: 290 mm<\/div>\n<div>Numar de lampi: 1 bucata<\/div>\n<div>Diametrul abajurului: \u00d8 290 mm<\/div>\n<div>Cablu reglabil: de la 90 cm la 170 cm<\/div>\n<div>Conexiune de alimentare: 230 V \/ 1 Ph \/ 0,25 kW<\/div>\n","protected":false},"excerpt":{"rendered":"<div>Lampa suspendata pentru incalzirea bucatelor. Tip de instalare: suspendat; Diametru: 290 mm; Numar de lampi: 1 bucata; Diametrul abajurului: \u00d8 290 mm; Cablu reglabil: de la 90 cm la 170 cm; Conexiune de alimentare: 230 V \/ 1 Ph \/ 0,25 kW.<\/div>\n","protected":false},"featured_media":36374,"template":"","meta":[],"_links":{"self":[{"href":"https:\/\/evotek.md\/ro\/wp-json\/wp\/v2\/product\/36375"}],"collection":[{"href":"https:\/\/evotek.md\/ro\/wp-json\/wp\/v2\/product"}],"about":[{"href":"https:\/\/evotek.md\/ro\/wp-json\/wp\/v2\/types\/product"}],"wp:featuredmedia":[{"embeddable":true,"href":"https:\/\/evotek.md\/ro\/wp-json\/wp\/v2\/media\/36374"}],"wp:attachment":[{"href":"https:\/\/evotek.md\/ro\/wp-json\/wp\/v2\/media?parent=36375"}],"curies":[{"name":"wp","href":"https:\/\/api.w.org\/{rel}","templated":true}]}}