{"id":36351,"date":"2023-04-12T14:00:14","date_gmt":"2023-04-12T14:00:14","guid":{"rendered":"https:\/\/evotek.md\/?post_type=product&#038;p=36351"},"modified":"2023-08-23T11:36:28","modified_gmt":"2023-08-23T11:36:28","slug":"st-113206","status":"publish","type":"product","link":"https:\/\/evotek.md\/ro\/produse\/accesorii-si-inventar-bucatarie\/containere-gn-din-policarbonat\/container-gastronom-gn-1-3-2\/st-113206\/","title":{"rendered":"CONTAINER INOX GN1\/3 h200 mm (7,3 litri) -ST-113206"},"content":{"rendered":"<p><strong>CONTAINER INOX GN1\/3 h200 mm (7,3 litri) -ST-113206-<\/strong> Recipientele gastronormice sunt un atribut integral al unei buc\u0103t\u0103rii profesionale. Acestea sunt destinate depozit\u0103rii, transport\u0103rii produselor alimentare, pentru afi\u0219area \u00eentr-o vitrin\u0103 sau a unei cafenele, uneori folosite pentru g\u0103tirea m\u00e2nc\u0103rurilor, de exemplu, sosuri. Recipientele gastronormice sunt fabricate din inox de \u00eenalt\u0103 calitate.<\/p>\n<p>Caracteristici<\/p>\n<p>Dimensiune: GN 1\/3<\/p>\n<p>Parametri: 325x176x200 mm<\/p>\n<p>Volumul: 7,3 L<\/p>\n<p>Material: inox<\/p>\n<p>&nbsp;<\/p>\n<p>&nbsp;<\/p>\n","protected":false},"excerpt":{"rendered":"<p>Container inox GN 1\/3, h200 mm. Parametri: 325x176x200 mm; Volum: 7,3 L; Material: inox.<\/p>\n","protected":false},"featured_media":19797,"template":"","meta":[],"_links":{"self":[{"href":"https:\/\/evotek.md\/ro\/wp-json\/wp\/v2\/product\/36351"}],"collection":[{"href":"https:\/\/evotek.md\/ro\/wp-json\/wp\/v2\/product"}],"about":[{"href":"https:\/\/evotek.md\/ro\/wp-json\/wp\/v2\/types\/product"}],"wp:featuredmedia":[{"embeddable":true,"href":"https:\/\/evotek.md\/ro\/wp-json\/wp\/v2\/media\/19797"}],"wp:attachment":[{"href":"https:\/\/evotek.md\/ro\/wp-json\/wp\/v2\/media?parent=36351"}],"curies":[{"name":"wp","href":"https:\/\/api.w.org\/{rel}","templated":true}]}}