{"id":36339,"date":"2023-04-12T13:36:42","date_gmt":"2023-04-12T13:38:42","guid":{"rendered":"https:\/\/evotek.md\/?post_type=product&#038;p=36339"},"modified":"2023-04-12T13:42:07","modified_gmt":"2023-04-12T13:42:07","slug":"st-880174","status":"publish","type":"product","link":"https:\/\/evotek.md\/ro\/produse\/echipamente-frigorifice\/dulap-frigorific-congelare\/st-880174\/","title":{"rendered":"DULAP CONGELATOR, 120 LITRI -ST-880174"},"content":{"rendered":"<div><strong>DULAP CONGELATOR, 120 LITRI -ST-880174-<\/strong> Congelator, echipament frigorific profesional care este adesea folosit in bucatariile profesionale pentru a depozita produse gata sau semifabricate pentru o perioada indelungata. Principalul avantaj al acestui dispozitiv este indicatorii ideali de temperatur\u0103 care v\u0103 permit s\u0103 \u00eenghe\u021ba\u021bi produse pentru o perioad\u0103 lung\u0103 de timp.<\/div>\n<div><\/div>\n<div>Caracteristici<\/div>\n<div>Volum: 120 l<\/div>\n<div>Num\u0103r de rafturi: 3 (485&#215;410 mm)<\/div>\n<div>Sarcina admisa pe raft: 8 kg<\/div>\n<div>Interval de temperatur\u0103: -10..-18 \u00b0\u0421<\/div>\n<div>Tip u\u0219\u0103: Oarb\u0103<\/div>\n<div>Material carcasa: otel vopsit<\/div>\n<div>Tensiune: 220V<\/div>\n<div>Putere: 0,11 kW<\/div>\n<div>Dimensiuni: 600x600x850 mm<\/div>\n<div>Greutate: 29 kg<\/div>\n<div>Dezghetare manuala<\/div>\n<div>Agent frigorific: R134a (130g)<\/div>\n<div>\u00cencuietoare \u00eencorporat\u0103<\/div>\n<div>Generator lini\u0219tit<\/div>\n<div>Regulator electronic de temperatur\u0103 cu afi\u0219aj<\/div>\n<div>Scurgere pentru apa topit\u0103<\/div>\n<div>Carcas\u0103 din tabl\u0103 de o\u021bel cu acoperire cu pulbere alb\u0103<\/div>\n<div>C\u0103ptu\u0219eal\u0103 interioar\u0103 ABS<\/div>\n","protected":false},"excerpt":{"rendered":"<div>Dulap congelator, 120 litri. Num\u0103r de rafturi: 3 (485&#215;410 mm); Sarcina admisa pe raft: 8 kg; Interval de temperatur\u0103: -10..-18 \u00b0\u0421; Tip u\u0219\u0103: Oarb\u0103; Material carcasa: otel vopsit; Tensiune: 220V; Putere: 0,11 kW; Dimensiuni: 600x600x850 mm; Greutate: 29 kg; Dezghetare manuala; Agent frigorific: R134a (130g); \u00cencuietoare \u00eencorporat\u0103; Generator lini\u0219tit; Regulator electronic de temperatur\u0103 cu afi\u0219aj; Scurgere pentru apa topit\u0103; Carcas\u0103 din tabl\u0103 de o\u021bel cu acoperire cu pulbere alb\u0103; C\u0103ptu\u0219eal\u0103 interioar\u0103 ABS.<\/div>\n","protected":false},"featured_media":36336,"template":"","meta":[],"_links":{"self":[{"href":"https:\/\/evotek.md\/ro\/wp-json\/wp\/v2\/product\/36339"}],"collection":[{"href":"https:\/\/evotek.md\/ro\/wp-json\/wp\/v2\/product"}],"about":[{"href":"https:\/\/evotek.md\/ro\/wp-json\/wp\/v2\/types\/product"}],"wp:featuredmedia":[{"embeddable":true,"href":"https:\/\/evotek.md\/ro\/wp-json\/wp\/v2\/media\/36336"}],"wp:attachment":[{"href":"https:\/\/evotek.md\/ro\/wp-json\/wp\/v2\/media?parent=36339"}],"curies":[{"name":"wp","href":"https:\/\/api.w.org\/{rel}","templated":true}]}}