{"id":3633,"date":"2020-03-03T09:31:12","date_gmt":"2020-03-03T09:33:44","guid":{"rendered":"https:\/\/evotek.md\/?post_type=product&#038;p=3633"},"modified":"2023-02-23T15:49:21","modified_gmt":"2023-02-23T15:49:21","slug":"cutter-12l-m-09300082","status":"publish","type":"product","link":"https:\/\/evotek.md\/ro\/produse\/echipamente-electromecanice\/cutter-profesional\/cutter-12l-m-09300082\/","title":{"rendered":"CUTTER 12 LITRI -M-09300082"},"content":{"rendered":"<p><strong>CUTTER 12 LITRI -M-09300082-<\/strong> Cu ajutorul lui pute\u021bi zdrobi nuci, biscuiti, ciocolat\u0103, s\u0103 toca\u021bi carne, \u0219i s\u0103 macina\u021bi orice produse. Op\u021biunea de control al vitezei permite zdrobirea produselor \u00een form\u0103 mare, medie, \u0219i m\u0103run\u021birea fin\u0103 (mus, sufleu, pateu). O caracteristic\u0103 de proiectare a acestui model este amplasarea lateral\u0103 a vasului, care evit\u0103 \u00eenc\u0103lzirea produsului de la motorul care func\u021bioneaz\u0103. Carcasa \u0219i interiorul este din inox; Reglare lin\u0103 a vitezei.<\/p>\n<p>Caracteristici<\/p>\n<p>Brand Maxima<\/p>\n<p>Parametri: 365x440x565 mm<\/p>\n<p>Capacitate bol: 12,0 L<\/p>\n<p>Putere: 230 V \/ 50 Hz \/ 1 faz 1200 W<\/p>\n<p>Greutate net\u0103: 24 kg<\/p>\n<p>Viteza variabil\u0103 1100 &#8211; 2800 rpm<\/p>\n<p>&nbsp;<\/p>\n<p>&nbsp;<\/p>\n","protected":false},"excerpt":{"rendered":"<p>Cutter cu o capacitate de 12,0 litri. Parametri: 365x440x565 mm; Putere: 230 V \/ 50 Hz \/ 1 faz 1200 W; Greutate net\u0103: 24 kg; Viteza variabil\u0103 1100 &#8211; 2800 rpm.<\/p>\n","protected":false},"featured_media":3630,"template":"","meta":[],"_links":{"self":[{"href":"https:\/\/evotek.md\/ro\/wp-json\/wp\/v2\/product\/3633"}],"collection":[{"href":"https:\/\/evotek.md\/ro\/wp-json\/wp\/v2\/product"}],"about":[{"href":"https:\/\/evotek.md\/ro\/wp-json\/wp\/v2\/types\/product"}],"wp:featuredmedia":[{"embeddable":true,"href":"https:\/\/evotek.md\/ro\/wp-json\/wp\/v2\/media\/3630"}],"wp:attachment":[{"href":"https:\/\/evotek.md\/ro\/wp-json\/wp\/v2\/media?parent=3633"}],"curies":[{"name":"wp","href":"https:\/\/api.w.org\/{rel}","templated":true}]}}