{"id":36308,"date":"2023-04-12T08:21:13","date_gmt":"2023-04-12T08:30:15","guid":{"rendered":"https:\/\/evotek.md\/?post_type=product&#038;p=36308"},"modified":"2023-04-12T08:31:50","modified_gmt":"2023-04-12T08:31:50","slug":"st-777101","status":"publish","type":"product","link":"https:\/\/evotek.md\/ro\/produse\/echipamente-termice\/toastere\/st-777101\/","title":{"rendered":"TOASTER, 150 FELII PE ORA -ST-777101"},"content":{"rendered":"<p><strong>TOASTER, 150 FELII PE ORA -ST-777101-<\/strong> Toaster electric pentru p\u00e2ine, cu 4 sferturi de elemente de \u00eenc\u0103lzire cu infraro\u0219u, un singur nivel. Echipat cu un cronometru de 15 minute cu pozi\u021bia de blocare pentru func\u021bionare continu\u0103, m\u00e2nere deta\u0219abile \u0219i un perete din spate pentru o cur\u0103\u021bare u\u0219oar\u0103. Con\u021bine un regulator de temperatur\u0103 \u0219i un indicator luminos.<\/p>\n<p>Caracteristici<br \/>\nInaltime: 305 mm<br \/>\nLatime: 450 mm<br \/>\nAd\u00e2ncime: 285 mm<br \/>\nGreutate: 10 kg<br \/>\nDimensiune: 450x285x305 mm<br \/>\nPutere: 2 kW<br \/>\nTensiune: 230 V<br \/>\nMaterial: otel inoxidabil<br \/>\nCuloare: gri<br \/>\nProductivitate: 150 p\u00e2ine pr\u0103jit\u0103\/or\u0103<br \/>\nTip element de \u00eenc\u0103lzire: spiral\u0103<br \/>\nSistem de control: electromecanic<br \/>\nNumar elemente de incalzire: 4<br \/>\nDimensiuni camera: 350 x 240 mm<\/p>\n","protected":false},"excerpt":{"rendered":"<p>Toaster electric pentru p\u00e2ine, cu 4 sferturi de elemente de \u00eenc\u0103lzire cu infraro\u0219u, un singur nivel. Inaltime: 305 mm; Latime: 450 mm; Ad\u00e2ncime: 285 mm; Greutate: 10 kg; Dimensiune: 450x285x305 mm; Putere: 2 kW; Tensiune: 230 V; Material: otel inoxidabil; Culoare: gri; Productivitate: 150 p\u00e2ine pr\u0103jit\u0103\/or\u0103; Tip element de \u00eenc\u0103lzire: spiral\u0103; Sistem de control: electromecanic; Numar elemente de incalzire: 4; Dimensiuni camera: 350 x 240 mm.<\/p>\n","protected":false},"featured_media":36307,"template":"","meta":[],"_links":{"self":[{"href":"https:\/\/evotek.md\/ro\/wp-json\/wp\/v2\/product\/36308"}],"collection":[{"href":"https:\/\/evotek.md\/ro\/wp-json\/wp\/v2\/product"}],"about":[{"href":"https:\/\/evotek.md\/ro\/wp-json\/wp\/v2\/types\/product"}],"wp:featuredmedia":[{"embeddable":true,"href":"https:\/\/evotek.md\/ro\/wp-json\/wp\/v2\/media\/36307"}],"wp:attachment":[{"href":"https:\/\/evotek.md\/ro\/wp-json\/wp\/v2\/media?parent=36308"}],"curies":[{"name":"wp","href":"https:\/\/api.w.org\/{rel}","templated":true}]}}