{"id":36278,"date":"2023-04-05T14:11:13","date_gmt":"2023-04-05T14:14:17","guid":{"rendered":"https:\/\/evotek.md\/?post_type=product&#038;p=36278"},"modified":"2023-04-05T14:18:13","modified_gmt":"2023-04-05T14:18:13","slug":"aparat-pentru-panini-cu-inghetata-m-09374225","status":"publish","type":"product","link":"https:\/\/evotek.md\/ro\/produse\/echipamente-pentru-fast-food\/aparate-pentru-vafe\/aparat-pentru-panini-cu-inghetata-m-09374225\/","title":{"rendered":"APARAT ELECTRIC PENTRU PANINI CU INGHETATA, 1 BUCATA (ROTUND) -M-09374225"},"content":{"rendered":"<div><strong>APARAT ELECTRIC PENTRU PANINI CU INGHETATA, 1 BUCATA (ROTUND) -M-09374225-<\/strong> Cu acest aparat de panini\/vafe de \u00eenghe\u021bat\u0103 pute\u021bi coace rapid \u0219i u\u0219or panini cu conuri de \u00eenghe\u021bat\u0103. Aparat de vafe de \u00eenalt\u0103 calitate, potrivit pentru uz profesional \u00een saloanele de \u00eenghe\u021bat\u0103 \u0219i cantine. Aparatul pentru panini pentru inghetata \/ panini pentru inghetata are o tigaie antiaderent din aluminiu. Partea exterioar\u0103 este realizat\u0103 din o\u021bel inoxidabil \u0219i este u\u0219or de cur\u0103\u021bat. Aparatul de vafe pentru panini cu ghea\u021b\u0103 are un element de \u00eenc\u0103lzire puternic care \u00eenc\u0103lze\u0219te rapid matri\u021ba \u0219i o men\u021bine cald\u0103.<\/div>\n<div><\/div>\n<div>Caracteristici aparatului de vafe pentru inghetata Panini \/ aparat de inghetata Panini<\/div>\n<div><\/div>\n<div>Fiabil \u0219i u\u0219or de operat<\/div>\n<div>Producerea rapid\u0103 de \u00eenghe\u021bat\u0103 panini<\/div>\n<div>Tava din aluminiu cu acoperire antiaderenta din teflon.<\/div>\n<div>Termostat variabil de la 50\u00b0C la 300\u00b0C<\/div>\n<div>Echipat cu un cronometru<\/div>\n<div>Indicator de temperatur\u0103<\/div>\n<div>M\u00e2ner durabil<\/div>\n<div>St\u0103 pe 4 picioare de cauciuc<\/div>\n<div>Construc\u021bie foarte durabil\u0103<\/div>\n<div>Design igienic<\/div>\n<div><\/div>\n<div>Caracteristici<\/div>\n<div>Greutate neta: 5,4 kg<\/div>\n<div>Dimensiune panini: \u00f8100 x H50 mm<\/div>\n<div>Dimensiuni aparat: L200 x D410 x H180 mm<\/div>\n<div>Putere electrica totala: 0,6 kW<\/div>\n<div>230 V \/ 50 Hz \/ monofazat 600 W<\/div>\n","protected":false},"excerpt":{"rendered":"<div>Aparat pentru panini cu inghetata. Greutate neta: 5,4 kg; Dimensiune panini: \u00f8100 x H50 mm; Dimensiuni aparat: L200 x D410 x H180 mm; Putere electrica totala: 0,6 kW; 230 V \/ 50 Hz \/ monofazat 600 W.<\/div>\n","protected":false},"featured_media":36267,"template":"","meta":[],"_links":{"self":[{"href":"https:\/\/evotek.md\/ro\/wp-json\/wp\/v2\/product\/36278"}],"collection":[{"href":"https:\/\/evotek.md\/ro\/wp-json\/wp\/v2\/product"}],"about":[{"href":"https:\/\/evotek.md\/ro\/wp-json\/wp\/v2\/types\/product"}],"wp:featuredmedia":[{"embeddable":true,"href":"https:\/\/evotek.md\/ro\/wp-json\/wp\/v2\/media\/36267"}],"wp:attachment":[{"href":"https:\/\/evotek.md\/ro\/wp-json\/wp\/v2\/media?parent=36278"}],"curies":[{"name":"wp","href":"https:\/\/api.w.org\/{rel}","templated":true}]}}