{"id":36239,"date":"2023-04-05T13:08:44","date_gmt":"2023-04-05T13:13:46","guid":{"rendered":"https:\/\/evotek.md\/?post_type=product&#038;p=36239"},"modified":"2023-04-05T13:15:19","modified_gmt":"2023-04-05T13:15:19","slug":"m-09378106","status":"publish","type":"product","link":"https:\/\/evotek.md\/ro\/produse\/fara-categorie\/m-09378106\/","title":{"rendered":"SUPORT PENTRU COSTITE -M-09378106"},"content":{"rendered":"<p><strong>SUPORT PENTRU COSTITE -M-09378106-<\/strong> A\u0219eza\u021bi grilajul pentru costite de porc deasupra gr\u0103tarului. \u00cen acest fel, coaste, pulpe de pui sau cotlete se g\u0103tesc uniform. Carcasa din o\u021bel inoxidabil este u\u0219or de cur\u0103\u021bat. Este recomandat s\u0103 acoperi\u021bi m\u00e2ncarea cu ulei vegetal, astfel \u00eenc\u00e2t s\u0103 nu se lipeasc\u0103 de grilajul pentru costite de porc.<\/p>\n<p>Caracteristici<br \/>\nGreutate neta: 0,55 kg<br \/>\nDimensiuni stand: L415 x D185 x H121 mm<br \/>\nPotrivit pentru gr\u0103tare cu \u00d8 22&#8243;\/56 cm \u0219i \u00d8 26&#8243;\/66 cm.<\/p>\n","protected":false},"excerpt":{"rendered":"<p>Suport pentru costite. Greutate neta: 0,55 kg; Dimensiuni stand: L415 x D185 x H121 mm; Potrivit pentru gr\u0103tare cu \u00d8 22&#8243;\/56 cm \u0219i \u00d8 26&#8243;\/66 cm.<\/p>\n","protected":false},"featured_media":36237,"template":"","meta":[],"_links":{"self":[{"href":"https:\/\/evotek.md\/ro\/wp-json\/wp\/v2\/product\/36239"}],"collection":[{"href":"https:\/\/evotek.md\/ro\/wp-json\/wp\/v2\/product"}],"about":[{"href":"https:\/\/evotek.md\/ro\/wp-json\/wp\/v2\/types\/product"}],"wp:featuredmedia":[{"embeddable":true,"href":"https:\/\/evotek.md\/ro\/wp-json\/wp\/v2\/media\/36237"}],"wp:attachment":[{"href":"https:\/\/evotek.md\/ro\/wp-json\/wp\/v2\/media?parent=36239"}],"curies":[{"name":"wp","href":"https:\/\/api.w.org\/{rel}","templated":true}]}}