{"id":36232,"date":"2023-04-05T12:38:45","date_gmt":"2023-04-05T12:45:23","guid":{"rendered":"https:\/\/evotek.md\/?post_type=product&#038;p=36232"},"modified":"2023-04-05T13:03:09","modified_gmt":"2023-04-05T13:03:09","slug":"m-09378108","status":"publish","type":"product","link":"https:\/\/evotek.md\/ro\/produse\/fara-categorie\/m-09378108\/","title":{"rendered":"GRILA PENTRU GRATAR -M-09378108"},"content":{"rendered":"<p><strong>GRILA PENTRU GRATAR -M-09378108-<\/strong> Grilla pentru gratar este montata pe un gratar standard. Acest lucru creeaz\u0103 o \u201epardoseal\u0103\u201d pe care poate fi pus\u0103 \u0219i m\u00e2ncarea. De exemplu, alimente care nu trebuie g\u0103tite at\u00e2t de aproape de foc sau la alimente care pot fi r\u0103sturnate pe un gr\u0103tar inferior.<\/p>\n<p>Caracteristici<br \/>\nGreutate neta: 1,4 kg<br \/>\nDimensiuni nete: L395 x D330 x H108 mm<br \/>\nPotrivit pentru un gratar de 22&#8243;\/56 cm.<\/p>\n","protected":false},"excerpt":{"rendered":"<p>Grilla pentru gratar. Greutate neta: 1,4 kg; Dimensiuni nete: L395 x D330 x H108 mm; Potrivit pentru un gratar de 22&#8243;\/56 cm.<\/p>\n","protected":false},"featured_media":36231,"template":"","meta":[],"_links":{"self":[{"href":"https:\/\/evotek.md\/ro\/wp-json\/wp\/v2\/product\/36232"}],"collection":[{"href":"https:\/\/evotek.md\/ro\/wp-json\/wp\/v2\/product"}],"about":[{"href":"https:\/\/evotek.md\/ro\/wp-json\/wp\/v2\/types\/product"}],"wp:featuredmedia":[{"embeddable":true,"href":"https:\/\/evotek.md\/ro\/wp-json\/wp\/v2\/media\/36231"}],"wp:attachment":[{"href":"https:\/\/evotek.md\/ro\/wp-json\/wp\/v2\/media?parent=36232"}],"curies":[{"name":"wp","href":"https:\/\/api.w.org\/{rel}","templated":true}]}}