{"id":36227,"date":"2023-04-05T12:15:58","date_gmt":"2023-04-05T12:26:31","guid":{"rendered":"https:\/\/evotek.md\/?post_type=product&#038;p=36227"},"modified":"2023-04-05T12:26:31","modified_gmt":"2023-04-05T12:26:31","slug":"piatra-pentru-pizza-o-360-mm-m-09378103","status":"publish","type":"product","link":"https:\/\/evotek.md\/ro\/produse\/fara-categorie\/piatra-pentru-pizza-o-360-mm-m-09378103\/","title":{"rendered":"PIATRA PENTRU PIZZA \u00d8 360 mm M-09378103"},"content":{"rendered":"<p><strong>PIATRA PENTRU PIZZA \u00d8 360 mm M-09378103-<\/strong> Piatra pentru pizza nu este utila doar pentru coacerea pizza, ci poate fi folosita si pentru coacerea fursecurilor, de exemplu. Un alt beneficiu al unei pietre pentru pizza este c\u0103 piatra r\u0103m\u00e2ne cald\u0103 mult mai mult timp dec\u00e2t o foaie de copt. Piatra absoarbe c\u0103ldura de la gr\u0103tar, astfel \u00eenc\u00e2t piatra se r\u0103ce\u0219te mai lent. Acest lucru v\u0103 va men\u021bine pizza cald\u0103 mai mult timp.<\/p>\n<p>Piatra de pizza poate fi folosit\u0103 \u0219i ca reflector pentru instalatorul de farfurii.<\/p>\n<p>Caracteristici<br \/>\nDimensiuni piatra: \u00d8 360 mm<br \/>\nPotrivit pentru gr\u0103tar \u00d8 22 in.\/56 cm.<\/p>\n","protected":false},"excerpt":{"rendered":"<p>Piatra pentru pizza. Dimensiuni piatra: \u00d8 360 mm; Potrivit pentru cuptor: \u00d8 22 in.\/56 cm.<\/p>\n","protected":false},"featured_media":36225,"template":"","meta":[],"_links":{"self":[{"href":"https:\/\/evotek.md\/ro\/wp-json\/wp\/v2\/product\/36227"}],"collection":[{"href":"https:\/\/evotek.md\/ro\/wp-json\/wp\/v2\/product"}],"about":[{"href":"https:\/\/evotek.md\/ro\/wp-json\/wp\/v2\/types\/product"}],"wp:featuredmedia":[{"embeddable":true,"href":"https:\/\/evotek.md\/ro\/wp-json\/wp\/v2\/media\/36225"}],"wp:attachment":[{"href":"https:\/\/evotek.md\/ro\/wp-json\/wp\/v2\/media?parent=36227"}],"curies":[{"name":"wp","href":"https:\/\/api.w.org\/{rel}","templated":true}]}}