{"id":36221,"date":"2023-04-05T11:57:02","date_gmt":"2023-04-05T12:04:42","guid":{"rendered":"https:\/\/evotek.md\/?post_type=product&#038;p=36221"},"modified":"2023-04-05T12:04:55","modified_gmt":"2023-04-05T12:04:55","slug":"m-09378119","status":"publish","type":"product","link":"https:\/\/evotek.md\/ro\/produse\/accesorii-si-inventar-bucatarie\/tave-si-accesorii-pentru-cuptoare\/m-09378119\/","title":{"rendered":"FORMA DIN FONTA PENTRU CUPTOR \u00d819 \/48 cm -M-09378119"},"content":{"rendered":"<p><strong>FORMA DIN FONTA PENTRU CUPTOR \u00d819 \/48 cm -M-09378119-<\/strong> Aceast\u0103 tigaie din font\u0103 este ideal\u0103 atunci c\u00e2nd vrei s\u0103 g\u0103te\u0219ti diverse feluri de m\u00e2ncare pe gr\u0103tar. \u00cempreun\u0103 cu placa de gr\u0103tar \u00een form\u0103 de semilun\u0103, formeaz\u0103 o suprafa\u021b\u0103 rotund\u0103 a gr\u0103tarului. Tava \u00eenchis\u0103 este ideal\u0103 pentru prepararea ingredientelor mici. \u00cen timp ce gr\u0103tarul semicircular poate fi folosit pentru carne sau friptur\u0103 marinat\u0103, deoarece gr\u0103tarul permite gr\u0103simii s\u0103 se scurg\u0103. Pl\u0103cile de coacere \u0219i gr\u0103tar din font\u0103 pot rezista la temperaturi mai ridicate \u0219i conduc c\u0103ldura mai bine dec\u00e2t pl\u0103cile de gr\u0103tar conven\u021bionale.<\/p>\n<p>Caracteristici<br \/>\nGreutate neta: 4,45 kg<br \/>\nDimensiuni: L485 x D235 mm<br \/>\nPotrivit pentru grill: \u00d8 22&#8243; \/ 560 mm<\/p>\n","protected":false},"excerpt":{"rendered":"<p>Forma din fonta pentru cuptor. Greutate neta: 4,45 kg; Dimensiuni: L485 x D235 mm; Potrivit pentru grill: \u00d8 22&#8243; \/ 560mm.<\/p>\n","protected":false},"featured_media":36220,"template":"","meta":[],"_links":{"self":[{"href":"https:\/\/evotek.md\/ro\/wp-json\/wp\/v2\/product\/36221"}],"collection":[{"href":"https:\/\/evotek.md\/ro\/wp-json\/wp\/v2\/product"}],"about":[{"href":"https:\/\/evotek.md\/ro\/wp-json\/wp\/v2\/types\/product"}],"wp:featuredmedia":[{"embeddable":true,"href":"https:\/\/evotek.md\/ro\/wp-json\/wp\/v2\/media\/36220"}],"wp:attachment":[{"href":"https:\/\/evotek.md\/ro\/wp-json\/wp\/v2\/media?parent=36221"}],"curies":[{"name":"wp","href":"https:\/\/api.w.org\/{rel}","templated":true}]}}