{"id":3620,"date":"2020-03-03T08:34:32","date_gmt":"2020-03-03T08:51:38","guid":{"rendered":"https:\/\/evotek.md\/?post_type=product&#038;p=3620"},"modified":"2023-05-02T15:09:59","modified_gmt":"2023-05-02T15:09:59","slug":"masina-de-produs-gheata-m-ice-28-m-09300126","status":"publish","type":"product","link":"https:\/\/evotek.md\/ro\/produse\/echipamente-pentru-bar-si-cafea\/masina-de-produs-gheata-2-echipamente-pentru-bar-si-cafea\/masina-de-produs-gheata-m-ice-28-m-09300126\/","title":{"rendered":"MASINA DE PRODUS GHEATA 28 kg PE ZI -M-09300126"},"content":{"rendered":"<p><strong>MASINA DE PRODUS GHEATA 28 kg PE ZI -M-09300126- <\/strong>Aceast\u0103 ma\u0219in\u0103 este destinat\u0103 pentru producerea cuburilor de ghea\u021b\u0103, cu o capacitate de 28 kg pentru 24h. Aptitudinea ma\u0219inii fiind de 7 kg. Aceast\u0103 ma\u0219in\u0103 universal\u0103 pentru cuburi de ghea\u021b\u0103 are patru picioare reglabile care se pot seta de sinest\u0103t\u0103tor. Ma\u0219ina este protejat\u0103 de supra\u00e2nc\u0103rcare; compact\u0103; echipat\u0103 cu o supap\u0103 de ap\u0103; face cuburi standard; cu aer rece din lateral; Carcasa \u0219i u\u0219a sunt din inox 18\/8.<\/p>\n<p>Caracteristici<\/p>\n<p>Dimensiuni: 398x510x608 mm<\/p>\n<p>Capacitate: 7 kg<\/p>\n<p>Produc\u021bie: 28 kg pe zi<\/p>\n<p>Sistem eficient de r\u0103cire cu R134a<\/p>\n<p>Conexiune: 230 V \/ 50 Hz \/ 1 faz\u0103 240 W<\/p>\n<p>Greutate net\u0103: 26 kg<\/p>\n<p>&nbsp;<\/p>\n","protected":false},"excerpt":{"rendered":"<p>Ma\u0219in\u0103 de produs ghea\u021b\u0103 cu o capacitate de 7 kg. Dimensiuni: 398x510x608 mm; Produc\u021bie: 28 kg pe zi; Sistem eficient de r\u0103cire cu R134a; Conexiune: 230 V \/ 50 Hz \/ 1 faz\u0103 240 W; Greutate net\u0103: 26 kg.<\/p>\n","protected":false},"featured_media":3608,"template":"","meta":[],"_links":{"self":[{"href":"https:\/\/evotek.md\/ro\/wp-json\/wp\/v2\/product\/3620"}],"collection":[{"href":"https:\/\/evotek.md\/ro\/wp-json\/wp\/v2\/product"}],"about":[{"href":"https:\/\/evotek.md\/ro\/wp-json\/wp\/v2\/types\/product"}],"wp:featuredmedia":[{"embeddable":true,"href":"https:\/\/evotek.md\/ro\/wp-json\/wp\/v2\/media\/3608"}],"wp:attachment":[{"href":"https:\/\/evotek.md\/ro\/wp-json\/wp\/v2\/media?parent=3620"}],"curies":[{"name":"wp","href":"https:\/\/api.w.org\/{rel}","templated":true}]}}