{"id":36199,"date":"2023-03-30T08:51:20","date_gmt":"2023-03-30T08:54:58","guid":{"rendered":"https:\/\/evotek.md\/?post_type=product&#038;p=36199"},"modified":"2023-03-30T08:54:58","modified_gmt":"2023-03-30T08:54:58","slug":"support-pentru-cuptor-emp-pkf-40-as","status":"publish","type":"product","link":"https:\/\/evotek.md\/ro\/produse\/fara-categorie\/support-pentru-cuptor-emp-pkf-40-as\/","title":{"rendered":"SUPPORT PENTRU CUPTOR -EMP.PKF-40-AS"},"content":{"rendered":"<p><strong>SUPPORT PENTRU CUPTOR -EMP.PKF-40-AS<\/strong><\/p>\n<p>Standul este utilizat \u00een unit\u0103\u021bi de alimenta\u021bie public\u0103 \u0219i comer\u021b \u00eempreun\u0103 cu sobe cu c\u0103rbune, precum \u0219i alte echipamente de buc\u0103t\u0103rie. Corpul este realizat din otel inoxidabil.<\/p>\n<p>Caracteristici<br \/>\nIdeal pentru cuptoarele EMP.PKF-40-K \u0219i EMP.PKF-40-S<br \/>\n2 rafturi confortabile \u0219i spa\u021bioase<br \/>\n4 ro\u021bi mobile pentru o mai mare u\u0219urin\u021b\u0103 de mi\u0219care<br \/>\nIgienic si usor de curatat<br \/>\nLatime: 710 mm<br \/>\nAd\u00e2ncime: 730 mm<br \/>\nInaltime: 825 mm<br \/>\nGreutate: 20 kg<\/p>\n","protected":false},"excerpt":{"rendered":"<p>Suport pentru cuptor. Ideal pentru cuptoarele; 2 rafturi confortabile \u0219i spa\u021bioase; 4 ro\u021bi mobile pentru o mai mare u\u0219urin\u021b\u0103 de mi\u0219care; Igienic si usor de curatat; Latime: 710 mm; Ad\u00e2ncime: 730 mm; Inaltime: 825 mm; Greutate: 20 kg.<\/p>\n","protected":false},"featured_media":36198,"template":"","meta":[],"_links":{"self":[{"href":"https:\/\/evotek.md\/ro\/wp-json\/wp\/v2\/product\/36199"}],"collection":[{"href":"https:\/\/evotek.md\/ro\/wp-json\/wp\/v2\/product"}],"about":[{"href":"https:\/\/evotek.md\/ro\/wp-json\/wp\/v2\/types\/product"}],"wp:featuredmedia":[{"embeddable":true,"href":"https:\/\/evotek.md\/ro\/wp-json\/wp\/v2\/media\/36198"}],"wp:attachment":[{"href":"https:\/\/evotek.md\/ro\/wp-json\/wp\/v2\/media?parent=36199"}],"curies":[{"name":"wp","href":"https:\/\/api.w.org\/{rel}","templated":true}]}}