{"id":36180,"date":"2023-03-27T14:47:56","date_gmt":"2023-03-27T14:53:07","guid":{"rendered":"https:\/\/evotek.md\/?post_type=product&#038;p=36180"},"modified":"2023-03-27T14:53:07","modified_gmt":"2023-03-27T14:53:07","slug":"gp-80","status":"publish","type":"product","link":"https:\/\/evotek.md\/ro\/produse\/fara-categorie\/gp-80\/","title":{"rendered":"STERILIZATOR CU AER 80 LITRI -GP-80"},"content":{"rendered":"<p><strong>STERILIZATOR CU AER 80 LITRI -GP-80-<\/strong> Sterilizatorul de aer GP-80 este proiectat pentru sterilizarea cu aer a instrumentelor chirurgicale, seringilor \u0219i ace rezistente la c\u0103ldur\u0103 (cu marcajul de 200 \u00b0C), precum \u0219i articole din sticl\u0103 \u0219i alte obiecte medicale.<\/p>\n<p>Principalele avantaje:<br \/>\nnivel ridicat de automatizare;<br \/>\ncircula\u021bie for\u021bat\u0103 optim\u0103 a aerului cald \u00een camer\u0103 printr-un motor de \u00eenalt\u0103 calitate;<br \/>\nizola\u021bie termic\u0103 de \u00eenalt\u0103 calitate;<br \/>\ncamera de sterilizare si cutiile de incarcare sunt din otel inoxidabil lustruit, termorezistent;<br \/>\ncon\u021binut de informa\u021bii ridicat al panoului de control, care implic\u0103 indicarea digital\u0103 a temperaturii \u0219i timpului curent, indicarea luminoas\u0103 a principalelor etape ale ciclului;<br \/>\nblocarea este asigurat\u0103 la dep\u0103\u0219irea abaterilor de la regimul de temperatur\u0103 \u0219i oprirea de urgen\u021b\u0103<\/p>\n<p>Caracteristici<br \/>\nDimensiuni totale: 680x565x610 mm<br \/>\nDimensiuni camera de sterilizare: 570x320x440 mm<br \/>\nVolumul camerei: 80 litri (1.mod &#8211; 85\/30; 2.mod &#8211; 120\/45; 3.mod &#8211; 160\/150; 4.mod &#8211; 180\/60; 5.mod &#8211; 50&#8230;250\/0. ..999(op\u021biune))<br \/>\nAbaterea temperaturii \u00een volumul camerei de sterilizare: \u00b0 \u0421 \u00b1 3<br \/>\nTensiune de alimentare: 220 V<br \/>\nTimp de \u00eenc\u0103lzire p\u00e2n\u0103 la temperatura de sterilizare: 30 \u00b15 min<br \/>\nConsum maxim de energie: 2,0 kW<\/p>\n","protected":false},"excerpt":{"rendered":"<p>Sterilizator cu aer. Dimensiuni totale: 680x565x610 mm; Dimensiuni camera de sterilizare: 570x320x440 mm; Volumul camerei: 80 litri (1.mod &#8211; 85\/30; 2.mod &#8211; 120\/45; 3.mod &#8211; 160\/150; 4.mod &#8211; 180\/60; 5.mod &#8211; 50&#8230;250\/0. ..999(op\u021biune)); Abaterea temperaturii \u00een volumul camerei de sterilizare: \u00b0 \u0421 \u00b1 3; Tensiune de alimentare: 220 V; Timp de \u00eenc\u0103lzire p\u00e2n\u0103 la temperatura de sterilizare: 30 \u00b15 min; Consum maxim de energie: 2,0 kW.<\/p>\n","protected":false},"featured_media":36179,"template":"","meta":[],"_links":{"self":[{"href":"https:\/\/evotek.md\/ro\/wp-json\/wp\/v2\/product\/36180"}],"collection":[{"href":"https:\/\/evotek.md\/ro\/wp-json\/wp\/v2\/product"}],"about":[{"href":"https:\/\/evotek.md\/ro\/wp-json\/wp\/v2\/types\/product"}],"wp:featuredmedia":[{"embeddable":true,"href":"https:\/\/evotek.md\/ro\/wp-json\/wp\/v2\/media\/36179"}],"wp:attachment":[{"href":"https:\/\/evotek.md\/ro\/wp-json\/wp\/v2\/media?parent=36180"}],"curies":[{"name":"wp","href":"https:\/\/api.w.org\/{rel}","templated":true}]}}