{"id":36142,"date":"2023-03-21T09:14:25","date_gmt":"2023-03-21T09:22:55","guid":{"rendered":"https:\/\/evotek.md\/?post_type=product&#038;p=36142"},"modified":"2023-03-21T09:23:36","modified_gmt":"2023-03-21T09:23:36","slug":"remta-r39","status":"publish","type":"product","link":"https:\/\/evotek.md\/ro\/produse\/echipamente-electromecanice\/sigilatoare-elektromehanicheskoe-oborudovanie\/remta-r39\/","title":{"rendered":"APARAT ELECTRIC DE SIGILAT TAVI -REMTA-R39"},"content":{"rendered":"<p><strong>APARAT ELECTRIC DE SIGILAT TAVI -REMTA-R39<\/strong><\/p>\n<p>&#8211; Carcasa din otel inoxidabil.<\/p>\n<p>&#8211; Durabilitate inoxidabil.<br \/>\n&#8211; Suprafa\u021b\u0103 turnat\u0103 \u00een vid.<br \/>\n&#8211; Design ergonomic.<br \/>\n&#8211; Acesta este un tip industrial.<\/p>\n<p>Caracteristici<br \/>\nDimensiuni produs: 270x570x270 mm<br \/>\nSuprafata ambalare: 265&#215;180 mm<br \/>\nGreutate: 9,5 kg<br \/>\nPutere: 750W<br \/>\nConexiune: 220 V, 50-60 Hz<\/p>\n","protected":false},"excerpt":{"rendered":"<p>Aparat electric de sigilat tavi. Dimensiuni produs: 270x570x270 mm; Suprafata ambalare: 265&#215;180 mm; Greutate: 9,5 kg; Putere: 750W; Conexiune: 220 V, 50-60 Hz.<\/p>\n","protected":false},"featured_media":36141,"template":"","meta":[],"_links":{"self":[{"href":"https:\/\/evotek.md\/ro\/wp-json\/wp\/v2\/product\/36142"}],"collection":[{"href":"https:\/\/evotek.md\/ro\/wp-json\/wp\/v2\/product"}],"about":[{"href":"https:\/\/evotek.md\/ro\/wp-json\/wp\/v2\/types\/product"}],"wp:featuredmedia":[{"embeddable":true,"href":"https:\/\/evotek.md\/ro\/wp-json\/wp\/v2\/media\/36141"}],"wp:attachment":[{"href":"https:\/\/evotek.md\/ro\/wp-json\/wp\/v2\/media?parent=36142"}],"curies":[{"name":"wp","href":"https:\/\/api.w.org\/{rel}","templated":true}]}}