{"id":36129,"date":"2023-03-20T16:09:29","date_gmt":"2023-03-21T07:49:16","guid":{"rendered":"https:\/\/evotek.md\/?post_type=product&#038;p=36129"},"modified":"2023-03-21T08:26:32","modified_gmt":"2023-03-21T08:26:32","slug":"grill-electric-profesional-din-fonta-remta-r131","status":"publish","type":"product","link":"https:\/\/evotek.md\/ro\/produse\/echipamente-termice\/barbeque-grill\/grill-electric-profesional-din-fonta-remta-r131\/","title":{"rendered":"GRILL BARBEQUE ELECTRIC PROFESIONAL DIN FONTA -REMTA R131"},"content":{"rendered":"<p><strong>GRILL BARBEQUE ELECTRIC PROFESIONAL DIN FONTA -REMTA R131-<\/strong> Cu brazierul profesional din font\u0103 Remta pute\u021bi g\u0103ti carne delicioas\u0103. Exist\u0103 2 modele diferite, pe gaz \u0219i electric. Poate fi cur\u0103\u021bat \u0219i sp\u0103lat cu u\u0219urin\u021b\u0103 la ma\u0219in\u0103 datorit\u0103 suprafe\u021bei turnate deta\u0219abile acoperite cu teflon.<\/p>\n<p>Caracteristici<br \/>\nCapacitate ace: 6-10 (buc)<br \/>\nConstructie: dintr-o bucata din otel<br \/>\nMaterial carcasa: otel inoxidabil<br \/>\nMaterial grila: Fonta<br \/>\nForma: dreptunghiulara<br \/>\nInaltime: 425 mm<br \/>\nLungime: 355 mm<br \/>\nLatime: 515 mm<br \/>\nLungime suprafata de lucru: 250 mm<br \/>\nLatime suprafata de lucru: 400 mm<br \/>\nGreutate: 8,5 kg<\/p>\n","protected":false},"excerpt":{"rendered":"<p>Grill electric din fonta. Capacitate ace: 6-10 (buc); Constructie: dintr-o bucata din otel; Material carcasa: otel inoxidabil; Material grila: Fonta; Forma: dreptunghiulara; Inaltime: 425 mm; Lungime: 355 mm; Latime: 515 mm; Lungime suprafata de lucru: 250 mm; Latime suprafata de lucru: 400 mm; Greutate: 8,5 kg.<\/p>\n","protected":false},"featured_media":36134,"template":"","meta":[],"_links":{"self":[{"href":"https:\/\/evotek.md\/ro\/wp-json\/wp\/v2\/product\/36129"}],"collection":[{"href":"https:\/\/evotek.md\/ro\/wp-json\/wp\/v2\/product"}],"about":[{"href":"https:\/\/evotek.md\/ro\/wp-json\/wp\/v2\/types\/product"}],"wp:featuredmedia":[{"embeddable":true,"href":"https:\/\/evotek.md\/ro\/wp-json\/wp\/v2\/media\/36134"}],"wp:attachment":[{"href":"https:\/\/evotek.md\/ro\/wp-json\/wp\/v2\/media?parent=36129"}],"curies":[{"name":"wp","href":"https:\/\/api.w.org\/{rel}","templated":true}]}}