{"id":36115,"date":"2023-03-20T13:29:46","date_gmt":"2023-03-20T13:37:33","guid":{"rendered":"https:\/\/evotek.md\/?post_type=product&#038;p=36115"},"modified":"2023-07-13T07:52:35","modified_gmt":"2023-07-13T07:52:35","slug":"remta-r83","status":"publish","type":"product","link":"https:\/\/evotek.md\/ro\/produse\/echipamente-termice\/suprafete-de-prajire\/remta-r83\/","title":{"rendered":"SUPRAFATA DE PRAJIT ELECTRICA, NETEDA 48 cm -REMTA -R83"},"content":{"rendered":"<p><strong>SUPRAFATA DE PRAJIT ELECTRICA, NETEDA 48 cm -REMTA -R83<\/strong><\/p>\n<p>Suprafata electrica de prajit. Plasare: desktop. Material carcasa: otel inoxidabil. Material suprafa\u021b\u0103 de pr\u0103jire: o\u021bel inoxidabil. Tip suprafa\u021b\u0103: neted\u0103. Dimensiune suprafata: 480&#215;380 mm. Sc\u00e2nduri laterale \u0219i de perete. Tav\u0103 de gr\u0103sime deta\u0219abil\u0103. Indicator de putere.<\/p>\n<p>Caracteristici<br \/>\nDimensiuni: 530x530x250 mm<br \/>\nDimensiune suprafata: 480&#215;380 mm<br \/>\nTemperatura: 50..300 C<br \/>\nGreutate: 14,6 kg<br \/>\nPutere: 2 kW<\/p>\n","protected":false},"excerpt":{"rendered":"<p>Suprafata de pprajire, neteda. Dimensiuni: 530x530x250 mm; Dimensiune suprafata: 480&#215;380 mm; Temperatura: 50..300 C; Greutate: 14,6 kg; Putere: 2 kW.<\/p>\n","protected":false},"featured_media":36114,"template":"","meta":[],"_links":{"self":[{"href":"https:\/\/evotek.md\/ro\/wp-json\/wp\/v2\/product\/36115"}],"collection":[{"href":"https:\/\/evotek.md\/ro\/wp-json\/wp\/v2\/product"}],"about":[{"href":"https:\/\/evotek.md\/ro\/wp-json\/wp\/v2\/types\/product"}],"wp:featuredmedia":[{"embeddable":true,"href":"https:\/\/evotek.md\/ro\/wp-json\/wp\/v2\/media\/36114"}],"wp:attachment":[{"href":"https:\/\/evotek.md\/ro\/wp-json\/wp\/v2\/media?parent=36115"}],"curies":[{"name":"wp","href":"https:\/\/api.w.org\/{rel}","templated":true}]}}