{"id":36094,"date":"2023-03-16T08:18:41","date_gmt":"2023-03-16T08:18:41","guid":{"rendered":"https:\/\/evotek.md\/?post_type=product&#038;p=36094"},"modified":"2023-03-16T08:22:10","modified_gmt":"2023-03-16T08:22:10","slug":"container-din-polipropilen-gn1-6-h65-1-litru-st-166062","status":"publish","type":"product","link":"https:\/\/evotek.md\/ro\/produse\/accesorii-si-inventar-bucatarie\/recipiente-din-polipropilena\/container-din-polipropilen-gn1-6-h65-1-litru-st-166062\/","title":{"rendered":"CONTAINER DIN POLIPROPILEN, GN1\/6 h65 &#8211; 1 LITRU -ST-166062"},"content":{"rendered":"<p><strong>CONTAINER DIN POLIPROPILEN, GN1\/6 h65 &#8211; 1 LITRU -ST-166062-<\/strong> Containerul gastronom este fabricat din polipropilen\u0103 de \u00eenalt\u0103 calitate. Are o rezisten\u021b\u0103 ridicat\u0103, sunt u\u0219or de cur\u0103\u021bat \u0219i se pot sp\u0103la \u00een ma\u0219ina de sp\u0103lat vase..<\/p>\n<p>Caracteristici<br \/>\nMaterial: polipropilena<br \/>\nAd\u00e2ncime: 162 mm<br \/>\nCapacitate: 1L<br \/>\nDimensiune: GN 1\/6<br \/>\nLatime: 176 mm<br \/>\nInaltime: 65 mm<br \/>\nTemperatura max.: +70 \u00b0\u0421<br \/>\ntemperatura minima: -5\u00b0\u0421<\/p>\n","protected":false},"excerpt":{"rendered":"<p>Recipient din polipropilen. Material: polipropilena; Ad\u00e2ncime: 162 mm; Capacitate: 1L; Dimensiune: GN 1\/6; Latime: 176 mm; Inaltime: 65 mm; Temperatura max.: +70 \u00b0\u0421; temperatura minima: -5\u00b0\u0421.<\/p>\n","protected":false},"featured_media":36097,"template":"","meta":[],"_links":{"self":[{"href":"https:\/\/evotek.md\/ro\/wp-json\/wp\/v2\/product\/36094"}],"collection":[{"href":"https:\/\/evotek.md\/ro\/wp-json\/wp\/v2\/product"}],"about":[{"href":"https:\/\/evotek.md\/ro\/wp-json\/wp\/v2\/types\/product"}],"wp:featuredmedia":[{"embeddable":true,"href":"https:\/\/evotek.md\/ro\/wp-json\/wp\/v2\/media\/36097"}],"wp:attachment":[{"href":"https:\/\/evotek.md\/ro\/wp-json\/wp\/v2\/media?parent=36094"}],"curies":[{"name":"wp","href":"https:\/\/api.w.org\/{rel}","templated":true}]}}