{"id":36089,"date":"2023-03-16T08:07:59","date_gmt":"2023-03-16T08:07:59","guid":{"rendered":"https:\/\/evotek.md\/?post_type=product&#038;p=36089"},"modified":"2023-03-16T08:17:03","modified_gmt":"2023-03-16T08:17:03","slug":"st-161102","status":"publish","type":"product","link":"https:\/\/evotek.md\/ro\/produse\/accesorii-si-inventar-bucatarie\/recipiente-din-polipropilena\/st-161102\/","title":{"rendered":"CONTAINER DIN POLIPROPILEN, GN1\/1 h100 &#8211; 14 LITRI -ST-161102"},"content":{"rendered":"<p><strong>CONTAINER DIN POLIPROPILEN, GN1\/1 h100 &#8211; 14 LITRI -ST-161102-<\/strong> Containerul gastronom este fabricat din polipropilen\u0103 de \u00eenalt\u0103 calitate. Are o rezisten\u021b\u0103 ridicat\u0103, sunt u\u0219or de cur\u0103\u021bat \u0219i se pot sp\u0103la \u00een ma\u0219ina de sp\u0103lat vase..<\/p>\n<p>Caracteristici<br \/>\nMaterial: polipropilena<br \/>\nAd\u00e2ncime: 325 mm<br \/>\nCapacitate: 14 l<br \/>\nDimensiune: GN 1\/1<br \/>\nLatime: 530 mm<br \/>\nInaltime: 100 mm<br \/>\nTemperatura max.: +70 \u00b0C<br \/>\ntemperatura minima: -5\u00b0\u0421<\/p>\n","protected":false},"excerpt":{"rendered":"<p>Recipient din polipropilen. Material: polipropilena; Ad\u00e2ncime: 325 mm; Capacitate: 14 l; Dimensiune: GN 1\/1; Latime: 530 mm; Inaltime: 100 mm; Temperatura max.: +70 \u00b0C; temperatura minima: -5\u00b0\u0421.<\/p>\n","protected":false},"featured_media":36092,"template":"","meta":[],"_links":{"self":[{"href":"https:\/\/evotek.md\/ro\/wp-json\/wp\/v2\/product\/36089"}],"collection":[{"href":"https:\/\/evotek.md\/ro\/wp-json\/wp\/v2\/product"}],"about":[{"href":"https:\/\/evotek.md\/ro\/wp-json\/wp\/v2\/types\/product"}],"wp:featuredmedia":[{"embeddable":true,"href":"https:\/\/evotek.md\/ro\/wp-json\/wp\/v2\/media\/36092"}],"wp:attachment":[{"href":"https:\/\/evotek.md\/ro\/wp-json\/wp\/v2\/media?parent=36089"}],"curies":[{"name":"wp","href":"https:\/\/api.w.org\/{rel}","templated":true}]}}