{"id":36088,"date":"2023-03-16T07:54:30","date_gmt":"2023-03-16T07:54:30","guid":{"rendered":"https:\/\/evotek.md\/?post_type=product&#038;p=36088"},"modified":"2023-03-16T08:00:52","modified_gmt":"2023-03-16T08:00:52","slug":"st-162152","status":"publish","type":"product","link":"https:\/\/evotek.md\/ro\/produse\/accesorii-si-inventar-bucatarie\/recipiente-din-polipropilena\/st-162152\/","title":{"rendered":"CONTAINER DIN POLIPROPILEN, GN1\/2 h150 &#8211; 8.5 LITRI -ST-162152"},"content":{"rendered":"<p><strong>CONTAINER DIN POLIPROPILEN, GN1\/2 h150 &#8211; 8.5 LITRI -ST-162152-<\/strong> Containerul gastronom este fabricat din polipropilen\u0103 de \u00eenalt\u0103 calitate. Are o rezisten\u021b\u0103 ridicat\u0103, sunt u\u0219or de cur\u0103\u021bat \u0219i se pot sp\u0103la \u00een ma\u0219ina de sp\u0103lat vase..<\/p>\n<p>Caracteristici<br \/>\nMaterial. polipropilen\u0103<br \/>\nAd\u00e2ncime: 325 mm<br \/>\nCapacitate: 8,5 L<br \/>\nDimensiune: GN 1\/2<br \/>\nLatime: 265 mm<br \/>\nTemperatura max.: +70 \u00b0\u0421<br \/>\nTemperatura minima: -5 \u00b0C<\/p>\n","protected":false},"excerpt":{"rendered":"<p>Recipient din polipropilen. Material. polipropilen\u0103; Ad\u00e2ncime: 325 mm; Capacitate: 8,5 L; Dimensiune: GN 1\/2; Latime: 265 mm; Temperatura max.: +70 \u00b0\u0421; Temperatura minima: -5 \u00b0C<\/p>\n","protected":false},"featured_media":25196,"template":"","meta":[],"_links":{"self":[{"href":"https:\/\/evotek.md\/ro\/wp-json\/wp\/v2\/product\/36088"}],"collection":[{"href":"https:\/\/evotek.md\/ro\/wp-json\/wp\/v2\/product"}],"about":[{"href":"https:\/\/evotek.md\/ro\/wp-json\/wp\/v2\/types\/product"}],"wp:featuredmedia":[{"embeddable":true,"href":"https:\/\/evotek.md\/ro\/wp-json\/wp\/v2\/media\/25196"}],"wp:attachment":[{"href":"https:\/\/evotek.md\/ro\/wp-json\/wp\/v2\/media?parent=36088"}],"curies":[{"name":"wp","href":"https:\/\/api.w.org\/{rel}","templated":true}]}}