{"id":36076,"date":"2023-03-13T13:02:22","date_gmt":"2023-03-13T13:08:47","guid":{"rendered":"https:\/\/evotek.md\/?post_type=product&#038;p=36076"},"modified":"2023-07-07T10:03:22","modified_gmt":"2023-07-07T10:03:22","slug":"ugur-uss-1200-dscl","status":"publish","type":"product","link":"https:\/\/evotek.md\/ro\/produse\/echipamente-frigorifice\/dulapuri-frigorifice\/ugur-uss-1200-dscl\/","title":{"rendered":"DULAP FRIGORIFIC CU 2 USI DIN STICLA, 945 LITRI -UGUR USS 1200 DSCL"},"content":{"rendered":"<p><strong>DULAP FRIGORIFIC CU 2 USI DIN STICLA, 945 LITRI -UGUR USS 1200 DSCL-<\/strong> dulap de temperatur\u0103 medie cu dou\u0103 u\u0219i din sticl\u0103 \u0219i o cutie luminoas\u0103, conceput pentru depozitarea produselor la o gam\u0103 de temperatur\u0103 de 0\u00b0&#8230;+10\u00b0.<\/p>\n<p>Pachetul standard include:<br \/>\n&#8211; 5 rafturi;<br \/>\n\u2014 Iluminare fluorescent\u0103 (cutie luminoas\u0103 \u0219i volum).<\/p>\n<p>Op\u021biuni:<br \/>\n&#8211; rafturi suplimentare;<br \/>\n\u2014 Blocare + cheie;<br \/>\n\u2014 Branding;<br \/>\n\u2014 Iluminare de fundal cu LED (lightbox \u0219i volum).<\/p>\n<p>Caracteristici<br \/>\nClasa climatica: 4+<br \/>\nConsum de energie: 10,7 kW\/24h<br \/>\nDomeniu de func\u021bionare: 0\u2026+10 \u00b0C<br \/>\nSursa de alimentare: 220-240\/50V\/Hz<br \/>\nAgent frigorific: R134a<br \/>\nVolum : 945 l<br \/>\nGreutate (net\/brut): 164\/178 kg<br \/>\nDimensiuni interioare (LxPxA): 1000x750x1533 mm<br \/>\nDimensiuni exterioare (LxPxA): 1200x742x2000 mm<br \/>\nNumar rafturi: 5 buc<\/p>\n","protected":false},"excerpt":{"rendered":"<p>Dulap frigorific. Clasa climatica: 4+; Consum de energie: 10,7 kW\/24h; Domeniu de func\u021bionare: 0\u2026+10 \u00b0C; Sursa de alimentare: 220-240\/50V\/Hz; Agent frigorific: R134a; Volum: 945 l; Greutate (net\/brut): 164\/178 kg; Dimensiuni interioare (LxPxA): 1000x750x1533 mm; Dimensiuni exterioare (LxPxA): 1200x742x2000 mm; Numar rafturi: 5 buc.<\/p>\n","protected":false},"featured_media":36069,"template":"","meta":[],"_links":{"self":[{"href":"https:\/\/evotek.md\/ro\/wp-json\/wp\/v2\/product\/36076"}],"collection":[{"href":"https:\/\/evotek.md\/ro\/wp-json\/wp\/v2\/product"}],"about":[{"href":"https:\/\/evotek.md\/ro\/wp-json\/wp\/v2\/types\/product"}],"wp:featuredmedia":[{"embeddable":true,"href":"https:\/\/evotek.md\/ro\/wp-json\/wp\/v2\/media\/36069"}],"wp:attachment":[{"href":"https:\/\/evotek.md\/ro\/wp-json\/wp\/v2\/media?parent=36076"}],"curies":[{"name":"wp","href":"https:\/\/api.w.org\/{rel}","templated":true}]}}