{"id":36058,"date":"2023-03-13T12:24:06","date_gmt":"2023-03-13T12:37:00","guid":{"rendered":"https:\/\/evotek.md\/?post_type=product&#038;p=36058"},"modified":"2023-03-13T12:37:00","modified_gmt":"2023-03-13T12:37:00","slug":"cuptor-electric-pentru-6-pizza-o-33-cm-moretti-forni-neapolis-6","status":"publish","type":"product","link":"https:\/\/evotek.md\/ro\/produse\/echipamente-termice\/cuptoare-pentru-pizza-cuptoare\/cuptor-electric-pentru-6-pizza-o-33-cm-moretti-forni-neapolis-6\/","title":{"rendered":"CUPTOR ELECTRIC PENTRU 6 PIZZA \u00d8 33 cm -MORETTI FORNI NEAPOLIS 6"},"content":{"rendered":"<p><strong>CUPTOR ELECTRIC PENTRU 6 PIZZA \u00d8 33 cm -MORETTI FORNI NEAPOLIS 6-<\/strong><\/p>\n<p>Cuptorul de pizza Moretti Forni Neapolis 6 este utilizat \u00een unit\u0103\u021bile de catering \u0219i comer\u021b pentru coacerea pizza, tortilla etc. Modelul este echipat cu o hota rotunda cu design Neapolis\u00ae, un cos de fum cilindric, un etansor cu temperatura controlata cu iluminare interioara, un panou de control digital in fata si o usa detasabila a cuptorului cu maner termorezistent. Corpul este din tabl\u0103 de o\u021bel acoperit\u0103 cu r\u0103\u0219in\u0103 epoxidice de \u00eenalt\u0103 temperatur\u0103 \u0219i vopsea pulbere, deschiderea cuptorului este din font\u0103, co\u0219ul de fum cilindric este din o\u021bel inoxidabil cu acoperire neagr\u0103, camera de coacere este din c\u0103r\u0103mizi refractare, u\u0219a este realizata din otel inoxidabil cu izolatie termica sporita, carcasa exterioara este finisaj &#8220;post-industrial&#8221;, panou frontal &#8211; acoperire &#8220;Inox Vintage&#8221;.<\/p>\n<p>Caracteristici<br \/>\nSursa de alimentare: 380 V<br \/>\nCapacitate pizza: 6<br \/>\nNum\u0103r de camere inferioare: 1<br \/>\nNum\u0103r de pizza \u00eentr-o camer\u0103: 6<br \/>\nDimensiuni interioare camerei: 750x1125x150 mm<br \/>\nDiametru pizza: 330 cm<br \/>\nInterval de temperatur\u0103: de la 0 la 510 \u00b0\u0421<br \/>\nPutere: 14,7 kW<br \/>\nLatime: 1995 mm<br \/>\nAd\u00e2ncime: 1786 mm<br \/>\nInaltime: 1084 mm<br \/>\nGreutate (fara ambalaj): 525 kg<br \/>\nTara de origine: Italia<\/p>\n","protected":false},"excerpt":{"rendered":"<p>Cuptor pentru 6 pizza. Sursa de alimentare: 380 V; Capacitate pizza: 6; Num\u0103r de camere inferioare: 1; Num\u0103r de pizza \u00eentr-o camer\u0103: 6; Dimensiuni interioare camerei: 750x1125x150 mm; Diametru pizza: 330 cm; Interval de temperatur\u0103: de la 0 la 510 \u00b0\u0421; Putere: 14,7 kW; Latime: 1995 mm; Ad\u00e2ncime: 1786 mm; Inaltime: 1084 mm; Greutate (fara ambalaj): 525 kg; Tara de origine: Italia.<\/p>\n","protected":false},"featured_media":36057,"template":"","meta":[],"_links":{"self":[{"href":"https:\/\/evotek.md\/ro\/wp-json\/wp\/v2\/product\/36058"}],"collection":[{"href":"https:\/\/evotek.md\/ro\/wp-json\/wp\/v2\/product"}],"about":[{"href":"https:\/\/evotek.md\/ro\/wp-json\/wp\/v2\/types\/product"}],"wp:featuredmedia":[{"embeddable":true,"href":"https:\/\/evotek.md\/ro\/wp-json\/wp\/v2\/media\/36057"}],"wp:attachment":[{"href":"https:\/\/evotek.md\/ro\/wp-json\/wp\/v2\/media?parent=36058"}],"curies":[{"name":"wp","href":"https:\/\/api.w.org\/{rel}","templated":true}]}}