{"id":3604,"date":"2020-03-03T08:01:54","date_gmt":"2020-03-03T08:03:31","guid":{"rendered":"https:\/\/evotek.md\/?post_type=product&#038;p=3604"},"modified":"2023-02-22T10:49:00","modified_gmt":"2023-02-22T10:49:00","slug":"fierbator-electric-10l-m-09300595","status":"publish","type":"product","link":"https:\/\/evotek.md\/ro\/produse\/echipamente-pentru-bar-si-cafea\/fierbator-2-echipamente-pentru-bar-si-cafea\/fierbator-electric-10l-m-09300595\/","title":{"rendered":"FIERBATOR ELECTRIC, 10 LITRI -M-09300595"},"content":{"rendered":"<p><strong>FIERBATOR ELECTRIC, 10 LITRI -M-09300595- <\/strong>destinat pentru a \u00eenc\u0103lzi apa \u0219i a men\u021bine temperatura setat\u0103. Acesta este un fierb\u0103tor electric \u00een care pute\u021bi \u00eenc\u0103lzi p\u00e2n\u0103 la 10 litri de ap\u0103. Are un design modern, carcasa \u0219i capacul sunt din inox, ce \u00eel face util pentru orice buc\u0103t\u0103rie. Un contor de nivel extern arat\u0103 c\u00e2t de plin este fierb\u0103torul, iar m\u00e2nerele ajuta la comoditatea utiliz\u0103rii acestui fierb\u0103tor electric.<\/p>\n<p>Caracteristici<\/p>\n<p>Dimensiuni generale: 290x290x405 mm<\/p>\n<p>Putere: 230 V \/ 50 Hz \/ 1 faz\u0103 2000 W<\/p>\n<p>Capacitate: 10 L<\/p>\n<p>Timpul mediu de \u00eenc\u0103lzire: 20-30 minute<\/p>\n<p>Controlul temperaturii 30 \u00b0 C &#8211; 110 \u00b0 C<\/p>\n<p>Greutate net\u0103: 2,8 kg<\/p>\n<p>&nbsp;<\/p>\n","protected":false},"excerpt":{"rendered":"<p>Fierb\u0103tor electric o capacitate de 10 litri. Dimensiuni generale: 290x290x405 mm; Putere: 230 V\/ 50 Hz\/ 1 faz\u0103 2000 W; Capacitate: 10 L; Controlul temperaturii 30 \u00b0 C &#8211; 110 \u00b0 C; Greutate net\u0103: 2,8 kg.<\/p>\n","protected":false},"featured_media":3601,"template":"","meta":[],"_links":{"self":[{"href":"https:\/\/evotek.md\/ro\/wp-json\/wp\/v2\/product\/3604"}],"collection":[{"href":"https:\/\/evotek.md\/ro\/wp-json\/wp\/v2\/product"}],"about":[{"href":"https:\/\/evotek.md\/ro\/wp-json\/wp\/v2\/types\/product"}],"wp:featuredmedia":[{"embeddable":true,"href":"https:\/\/evotek.md\/ro\/wp-json\/wp\/v2\/media\/3601"}],"wp:attachment":[{"href":"https:\/\/evotek.md\/ro\/wp-json\/wp\/v2\/media?parent=3604"}],"curies":[{"name":"wp","href":"https:\/\/api.w.org\/{rel}","templated":true}]}}