{"id":36024,"date":"2023-03-13T11:33:32","date_gmt":"2023-03-13T11:33:31","guid":{"rendered":"https:\/\/evotek.md\/?post_type=product&#038;p=36024"},"modified":"2023-03-13T11:34:05","modified_gmt":"2023-03-13T11:34:05","slug":"1300x600x850-mm-smv-5-1s","status":"publish","type":"product","link":"https:\/\/evotek.md\/ro\/produse\/mobila-din-inox\/mese-cu-chiuveta-din-inox\/1300x600x850-mm-smv-5-1s\/","title":{"rendered":"MASA DIN INOX FARA POLITA CU BORDUR LA PERETE + CHIUVETA PE STANGA 1300x600x850 mm -SMV-5-1S"},"content":{"rendered":"<p><strong>MASA DIN INOX FARA POLITA CU BORDUR LA PERETE + CHIUVETA PE STANGA 1300x600x850 mm -SMV-5-1S- <\/strong>Mesele cu chiuvet\u0103 sunt concepute pentru prelucrarea produselor, blatul de lucru din inox este rezistent \u0219i u\u0219or de cur\u0103\u021bat. La interior, pentru absorb\u021bia sunetului este \u00eent\u0103rit\u0103 cu o foaie de PAL. Aceast\u0103 mas\u0103 cu chiuvet\u0103 este sudat\u0103 \u0219i lustruit\u0103, fiind un avantaj al oric\u0103rei buc\u0103t\u0103rii. Mesele din inox cu chiuvete sunt utilizate pe scar\u0103 larg\u0103 \u00een industria alimentar\u0103, \u00een \u0219coli, gr\u0103dini\u021be, cantine, restaurante \u0219i diverse \u00eentreprinderi de alimenta\u021bie public\u0103. Popularitatea produselor este asociat\u0103 cu multe dintre avantajele pe care le ofer\u0103 mobilierul din inox: Fiabilitate- produsele din inox sunt deosebit de durabile, stabile din punct de vedere structural; Durabilitatea- caracteristicile materialului de fabrica\u021bie, permit utilizarea unor astfel de modele mult timp; \u00ce\u0219i p\u0103streaz\u0103 aspectul ini\u021bial mai mult de un an; Rezisten\u021ba la coroziune; U\u0219or de \u00eengrijit- inoxul nu necesit\u0103 \u00eengrijiri special.<\/p>\n<p>Caracteristici<\/p>\n<p>Parametri: 1300x600x850 mm<\/p>\n<p>Lungimea chiuvetei: 500 mm<\/p>\n<p>Latime chiuvetei: 460 mm<\/p>\n<p>\u00cen\u0103l\u021bimea chiuvetei: 300 mm<\/p>\n<p>&nbsp;<\/p>\n","protected":false},"excerpt":{"rendered":"<p>Mas\u0103 din inox cu o chiuvet\u0103 pe partea st\u00e2ng\u0103, cu bordur la perete, f\u0103r\u0103 polita. Parametri: 1300x600x850 mm; Lungimea chiuvetei: 500 mm; L\u0103\u021bimea chiuvetei: 460 mm; \u00cen\u0103l\u021bimea chiuvetei: 300 mm.<\/p>\n<p>*Masa din inox cu chiuvet\u0103 SMV-5-1S poate fi realizat\u0103 dup\u0103 proiectul individual.<\/p>\n<p>*Robinetul \u0219i sifoanele nu sunt incluse.<\/p>\n","protected":false},"featured_media":12160,"template":"","meta":[],"_links":{"self":[{"href":"https:\/\/evotek.md\/ro\/wp-json\/wp\/v2\/product\/36024"}],"collection":[{"href":"https:\/\/evotek.md\/ro\/wp-json\/wp\/v2\/product"}],"about":[{"href":"https:\/\/evotek.md\/ro\/wp-json\/wp\/v2\/types\/product"}],"wp:featuredmedia":[{"embeddable":true,"href":"https:\/\/evotek.md\/ro\/wp-json\/wp\/v2\/media\/12160"}],"wp:attachment":[{"href":"https:\/\/evotek.md\/ro\/wp-json\/wp\/v2\/media?parent=36024"}],"curies":[{"name":"wp","href":"https:\/\/api.w.org\/{rel}","templated":true}]}}