{"id":3594,"date":"2020-03-02T15:12:17","date_gmt":"2020-03-02T15:13:22","guid":{"rendered":"https:\/\/evotek.md\/?post_type=product&#038;p=3594"},"modified":"2023-02-23T15:36:13","modified_gmt":"2023-02-23T15:36:13","slug":"storcator-pentru-citrice-32lh-xl-m-09300029","status":"publish","type":"product","link":"https:\/\/evotek.md\/ro\/produse\/echipamente-electromecanice\/storcatoare-electrice\/storcator-pentru-citrice-32lh-xl-m-09300029\/","title":{"rendered":"STORCATOR DE CITRICE XL -M-09300029"},"content":{"rendered":"<p><strong>STORCATOR DE CITRICE XL -M-09300029- <\/strong>solu\u021bie practic\u0103 \u0219i fiabil\u0103 pentru utilizarea \u00een restaurante \u0219i baruri, unde vizitatorilor li se ofer\u0103 suc proasp\u0103t stors. Un storc\u0103tor comercial de suc din citrice este un dispozitiv mic, dar puternic. Acest storc\u0103tor profesional este perfect pentru orice buc\u0103t\u0103rie. Storcatorul este echipat cu piese de plastic rezistente \u0219i un filtru deta\u0219abil, echipat de asemenea cu pres\u0103 pentru l\u0103m\u00e2ie, portocale \u0219i grapefruit.<\/p>\n<p>Caracteristici<\/p>\n<p>Brandul Maxima<\/p>\n<p>Parametri: 210x336x475 mm<\/p>\n<p>Putere: 230 V \/ 50 Hz \/ 1 faz\u0103 230 W<\/p>\n<p>Viteza de rotatie: 1800 rpm<\/p>\n<p>Motor puternic \u0219i lini\u0219tit 1\/4 CP<\/p>\n<p>Greutate net\u0103: 8,0 kg<\/p>\n<p>&nbsp;<\/p>\n<p>&nbsp;<\/p>\n","protected":false},"excerpt":{"rendered":"<p>Storc\u0103tor pentru citrice. Parametri: 210x336x475 mm; Putere: 230 V \/ 50 Hz \/ 1 faz\u0103 230 W; Viteza de rota\u021bie: 1800 rpm; Motor puternic \u0219i lini\u0219tit 1\/4 CP; Greutate net\u0103: 8,0 kg.<\/p>\n","protected":false},"featured_media":3587,"template":"","meta":[],"_links":{"self":[{"href":"https:\/\/evotek.md\/ro\/wp-json\/wp\/v2\/product\/3594"}],"collection":[{"href":"https:\/\/evotek.md\/ro\/wp-json\/wp\/v2\/product"}],"about":[{"href":"https:\/\/evotek.md\/ro\/wp-json\/wp\/v2\/types\/product"}],"wp:featuredmedia":[{"embeddable":true,"href":"https:\/\/evotek.md\/ro\/wp-json\/wp\/v2\/media\/3587"}],"wp:attachment":[{"href":"https:\/\/evotek.md\/ro\/wp-json\/wp\/v2\/media?parent=3594"}],"curies":[{"name":"wp","href":"https:\/\/api.w.org\/{rel}","templated":true}]}}