{"id":35921,"date":"2023-03-09T15:57:03","date_gmt":"2023-03-09T15:57:03","guid":{"rendered":"https:\/\/evotek.md\/?post_type=product&#038;p=35921"},"modified":"2023-03-09T15:57:57","modified_gmt":"2023-03-09T15:57:57","slug":"2000x600x850-mm-smv-4-1s","status":"publish","type":"product","link":"https:\/\/evotek.md\/ro\/produse\/mobila-din-inox\/mese-din-inox\/2000x600x850-mm-smv-4-1s\/","title":{"rendered":"MASA DIN INOX CU POLITA SI BORDUR LA PERETE + CHIUVETA PE DREAPTA 2000x600x850 mm -SMV-4-1S"},"content":{"rendered":"<p><strong>MASA DIN INOX CU POLITA SI BORDUR LA PERETE + CHIUVETA PE DREAPTA 2000x600x850 mm -SMV-4-1S-<\/strong>\u00a0Mesele cu chiuvet\u0103 sunt concepute pentru prelucrarea produselor, blatul de lucru din inox este rezistent \u0219i u\u0219or de cur\u0103\u021bat. La interior, pentru absorb\u021bia sunetului este \u00eent\u0103rit\u0103 cu o foaie de PAL. Aceast\u0103 mas\u0103 cu chiuvet\u0103 este sudat\u0103 \u0219i lustruit\u0103, fiind un avantaj al oric\u0103rei buc\u0103t\u0103rii. Mesele din inox cu chiuvete sunt utilizate pe scar\u0103 larg\u0103 \u00een industria alimentar\u0103, \u00een \u0219coli, gr\u0103dini\u021be, cantine, restaurante \u0219i diverse \u00eentreprinderi de alimenta\u021bie public\u0103. Vasul chiuvetei este sudat, realizat din otel inoxidabil alimentar. Din interior, blatul mesei este \u00eent\u0103rit cu o foaie de PAL. Picioarele sunt reglabile pe inaltime.<\/p>\n<p>Caracteristici<\/p>\n<p>Parametri (l\/l\/a): 2000x600x850 mm<br \/>\nNum\u0103r cuve: 1 bucata<\/p>\n","protected":false},"excerpt":{"rendered":"<p>Mas\u0103 din inox cu o chiuvet\u0103 pe partea dreapta, cu bordur la perete \u0219i raft. Parametri (l\/l\/a): 2000x600x850 mm. Num\u0103r cuve: 1 bucata. *Masa din inox cu chiuvet\u0103 poate fi realizat\u0103 dup\u0103 proiectul individual. *Robinetul \u0219i sifoanele nu sunt incluse.<\/p>\n","protected":false},"featured_media":26186,"template":"","meta":[],"_links":{"self":[{"href":"https:\/\/evotek.md\/ro\/wp-json\/wp\/v2\/product\/35921"}],"collection":[{"href":"https:\/\/evotek.md\/ro\/wp-json\/wp\/v2\/product"}],"about":[{"href":"https:\/\/evotek.md\/ro\/wp-json\/wp\/v2\/types\/product"}],"wp:featuredmedia":[{"embeddable":true,"href":"https:\/\/evotek.md\/ro\/wp-json\/wp\/v2\/media\/26186"}],"wp:attachment":[{"href":"https:\/\/evotek.md\/ro\/wp-json\/wp\/v2\/media?parent=35921"}],"curies":[{"name":"wp","href":"https:\/\/api.w.org\/{rel}","templated":true}]}}